{"id":6282,"date":"2020-02-14T18:42:51","date_gmt":"2020-02-14T17:42:51","guid":{"rendered":"https:\/\/steinzauber-online.de\/?post_type=product&#038;p=6282"},"modified":"2025-05-14T12:56:20","modified_gmt":"2025-05-14T11:56:20","slug":"amulett-baum-des-lebens","status":"publish","type":"product","link":"https:\/\/steinzauber-online.de\/index.php\/produkt\/amulett-baum-des-lebens\/","title":{"rendered":"Amulett Baum des Lebens"},"content":{"rendered":"<div class=\"widgetBoxBottomRound\">\n<div class=\"widgetBoxBottomRound\">\n<div id=\"description\" class=\"cmsContent ui-tabs-panel ui-widget-content ui-corner-bottom\">Amulett Baum des Lebens aus 925 Sterlingsilber. Dieses tolle Amulett hat einen Durchmesser von 29 mm und ist leicht gew\u00f6lbt, was die plastizit\u00e4t hervorhebt.<\/div>\n<div>Dieses sch\u00f6ne Silberamulett steht f\u00fcr Weisheit, Heilung und Wachstum. Die Verbindung zur Erde wird durch das Wurzelwerk symbolisiert, f\u00fcr alles Geistige stehen die \u00c4ste. Diese Ausf\u00fchrung des Amuletts verweist zudem auf die Entstehung des Lebens durch die Verbindung von Mann und Frau.<\/div>\n<\/div>\n<\/div>\n","protected":false},"excerpt":{"rendered":"<p>Amulett Baum des Lebens aus 925 Sterlingsilber. Dieses tolle Amulett hat einen Durchmesser von 29 mm und ist leicht gew\u00f6lbt, was die plastizit\u00e4t hervorhebt. Dieses sch\u00f6ne Silberamulett steht f\u00fcr Weisheit, Heilung und Wachstum. Die Verbindung zur Erde wird durch das Wurzelwerk symbolisiert, f\u00fcr alles Geistige stehen die \u00c4ste. Diese Ausf\u00fchrung des Amuletts verweist zudem auf [&#8230;]<\/p>\n","protected":false},"featured_media":6283,"template":"","meta":[],"product_brand":[],"product_cat":[715],"product_tag":[476,591,571,203,716,717],"class_list":{"0":"post-6282","1":"product","2":"type-product","3":"status-publish","4":"has-post-thumbnail","6":"product_cat-amulette-aus-silber","7":"product_tag-amulett","8":"product_tag-baum-des-lebens","9":"product_tag-fantasy","10":"product_tag-silber","11":"product_tag-silberamulett","12":"product_tag-talisman","14":"first","15":"outofstock","16":"taxable","17":"shipping-taxable","18":"purchasable","19":"product-type-simple"},"yoast_head":"<!-- This site is optimized with the Yoast SEO plugin v24.3 - https:\/\/yoast.com\/wordpress\/plugins\/seo\/ -->\n<title>Amulett Baum des Lebens - Steinzauber\u00ae<\/title>\n<meta name=\"description\" content=\"Amulett Baum des Lebens aus 925 Sterlingsilber. Dieses tolle Amulett hat einen Durchmesser von 29 mm und ist leicht gew\u00f6lbt, was die plastizit\u00e4t hervorhebt.\" \/>\n<meta name=\"robots\" content=\"index, follow, max-snippet:-1, max-image-preview:large, max-video-preview:-1\" \/>\n<link rel=\"canonical\" href=\"https:\/\/steinzauber-online.de\/index.php\/produkt\/amulett-baum-des-lebens\/\" \/>\n<meta property=\"og:locale\" content=\"de_DE\" \/>\n<meta property=\"og:type\" content=\"article\" \/>\n<meta property=\"og:title\" content=\"Amulett Baum des Lebens - Steinzauber\u00ae\" \/>\n<meta property=\"og:description\" content=\"Amulett Baum des Lebens aus 925 Sterlingsilber. Dieses tolle Amulett hat einen Durchmesser von 29 mm und ist leicht gew\u00f6lbt, was die plastizit\u00e4t hervorhebt.\" \/>\n<meta property=\"og:url\" content=\"https:\/\/steinzauber-online.de\/index.php\/produkt\/amulett-baum-des-lebens\/\" \/>\n<meta property=\"og:site_name\" content=\"Steinzauber\u00ae\" \/>\n<meta property=\"article:publisher\" content=\"https:\/\/de-de.facebook.com\/Steinzauber\/\" \/>\n<meta property=\"article:modified_time\" content=\"2025-05-14T11:56:20+00:00\" \/>\n<meta property=\"og:image\" content=\"https:\/\/steinzauber-online.de\/wp-content\/uploads\/2020\/02\/Amulett_Baum_des_Lebens_Silber_AMSI101.jpg\" \/>\n\t<meta property=\"og:image:width\" content=\"600\" \/>\n\t<meta property=\"og:image:height\" content=\"600\" \/>\n\t<meta property=\"og:image:type\" content=\"image\/jpeg\" \/>\n<meta name=\"twitter:card\" content=\"summary_large_image\" \/>\n<script type=\"application\/ld+json\" class=\"yoast-schema-graph\">{\"@context\":\"https:\/\/schema.org\",\"@graph\":[{\"@type\":\"WebPage\",\"@id\":\"https:\/\/steinzauber-online.de\/index.php\/produkt\/amulett-baum-des-lebens\/\",\"url\":\"https:\/\/steinzauber-online.de\/index.php\/produkt\/amulett-baum-des-lebens\/\",\"name\":\"Amulett Baum des Lebens - Steinzauber\u00ae\",\"isPartOf\":{\"@id\":\"https:\/\/steinzauber-online.de\/#website\"},\"primaryImageOfPage\":{\"@id\":\"https:\/\/steinzauber-online.de\/index.php\/produkt\/amulett-baum-des-lebens\/#primaryimage\"},\"image\":{\"@id\":\"https:\/\/steinzauber-online.de\/index.php\/produkt\/amulett-baum-des-lebens\/#primaryimage\"},\"thumbnailUrl\":\"https:\/\/steinzauber-online.de\/wp-content\/uploads\/2020\/02\/Amulett_Baum_des_Lebens_Silber_AMSI101.jpg\",\"datePublished\":\"2020-02-14T17:42:51+00:00\",\"dateModified\":\"2025-05-14T11:56:20+00:00\",\"description\":\"Amulett Baum des Lebens aus 925 Sterlingsilber. Dieses tolle Amulett hat einen Durchmesser von 29 mm und ist leicht gew\u00f6lbt, was die plastizit\u00e4t hervorhebt.\",\"breadcrumb\":{\"@id\":\"https:\/\/steinzauber-online.de\/index.php\/produkt\/amulett-baum-des-lebens\/#breadcrumb\"},\"inLanguage\":\"de\",\"potentialAction\":[{\"@type\":\"ReadAction\",\"target\":[\"https:\/\/steinzauber-online.de\/index.php\/produkt\/amulett-baum-des-lebens\/\"]}]},{\"@type\":\"ImageObject\",\"inLanguage\":\"de\",\"@id\":\"https:\/\/steinzauber-online.de\/index.php\/produkt\/amulett-baum-des-lebens\/#primaryimage\",\"url\":\"https:\/\/steinzauber-online.de\/wp-content\/uploads\/2020\/02\/Amulett_Baum_des_Lebens_Silber_AMSI101.jpg\",\"contentUrl\":\"https:\/\/steinzauber-online.de\/wp-content\/uploads\/2020\/02\/Amulett_Baum_des_Lebens_Silber_AMSI101.jpg\",\"width\":600,\"height\":600,\"caption\":\"Amulett Baum des Lebens Silber\"},{\"@type\":\"BreadcrumbList\",\"@id\":\"https:\/\/steinzauber-online.de\/index.php\/produkt\/amulett-baum-des-lebens\/#breadcrumb\",\"itemListElement\":[{\"@type\":\"ListItem\",\"position\":1,\"name\":\"Startseite\",\"item\":\"https:\/\/steinzauber-online.de\/\"},{\"@type\":\"ListItem\",\"position\":2,\"name\":\"Shop\",\"item\":\"https:\/\/steinzauber-online.de\/index.php\/shop\/\"},{\"@type\":\"ListItem\",\"position\":3,\"name\":\"Amulett Baum des Lebens\"}]},{\"@type\":\"WebSite\",\"@id\":\"https:\/\/steinzauber-online.de\/#website\",\"url\":\"https:\/\/steinzauber-online.de\/\",\"name\":\"Steinzauber\u00ae\",\"description\":\"Schmuck aus edlem Stein\",\"publisher\":{\"@id\":\"https:\/\/steinzauber-online.de\/#organization\"},\"potentialAction\":[{\"@type\":\"SearchAction\",\"target\":{\"@type\":\"EntryPoint\",\"urlTemplate\":\"https:\/\/steinzauber-online.de\/?s={search_term_string}\"},\"query-input\":{\"@type\":\"PropertyValueSpecification\",\"valueRequired\":true,\"valueName\":\"search_term_string\"}}],\"inLanguage\":\"de\"},{\"@type\":\"Organization\",\"@id\":\"https:\/\/steinzauber-online.de\/#organization\",\"name\":\"Steinzauber\",\"url\":\"https:\/\/steinzauber-online.de\/\",\"logo\":{\"@type\":\"ImageObject\",\"inLanguage\":\"de\",\"@id\":\"https:\/\/steinzauber-online.de\/#\/schema\/logo\/image\/\",\"url\":\"https:\/\/steinzauber-online.de\/wp-content\/uploads\/2021\/02\/Logo_500-262.jpg\",\"contentUrl\":\"https:\/\/steinzauber-online.de\/wp-content\/uploads\/2021\/02\/Logo_500-262.jpg\",\"width\":500,\"height\":262,\"caption\":\"Steinzauber\"},\"image\":{\"@id\":\"https:\/\/steinzauber-online.de\/#\/schema\/logo\/image\/\"},\"sameAs\":[\"https:\/\/de-de.facebook.com\/Steinzauber\/\",\"https:\/\/instagram.com\/steinzauber_schmuck?igshid=1fr2q2be784ld\"]}]}<\/script>\n<!-- \/ Yoast SEO plugin. -->","yoast_head_json":{"title":"Amulett Baum des Lebens - Steinzauber\u00ae","description":"Amulett Baum des Lebens aus 925 Sterlingsilber. Dieses tolle Amulett hat einen Durchmesser von 29 mm und ist leicht gew\u00f6lbt, was die plastizit\u00e4t hervorhebt.","robots":{"index":"index","follow":"follow","max-snippet":"max-snippet:-1","max-image-preview":"max-image-preview:large","max-video-preview":"max-video-preview:-1"},"canonical":"https:\/\/steinzauber-online.de\/index.php\/produkt\/amulett-baum-des-lebens\/","og_locale":"de_DE","og_type":"article","og_title":"Amulett Baum des Lebens - Steinzauber\u00ae","og_description":"Amulett Baum des Lebens aus 925 Sterlingsilber. Dieses tolle Amulett hat einen Durchmesser von 29 mm und ist leicht gew\u00f6lbt, was die plastizit\u00e4t hervorhebt.","og_url":"https:\/\/steinzauber-online.de\/index.php\/produkt\/amulett-baum-des-lebens\/","og_site_name":"Steinzauber\u00ae","article_publisher":"https:\/\/de-de.facebook.com\/Steinzauber\/","article_modified_time":"2025-05-14T11:56:20+00:00","og_image":[{"width":600,"height":600,"url":"https:\/\/steinzauber-online.de\/wp-content\/uploads\/2020\/02\/Amulett_Baum_des_Lebens_Silber_AMSI101.jpg","type":"image\/jpeg"}],"twitter_card":"summary_large_image","schema":{"@context":"https:\/\/schema.org","@graph":[{"@type":"WebPage","@id":"https:\/\/steinzauber-online.de\/index.php\/produkt\/amulett-baum-des-lebens\/","url":"https:\/\/steinzauber-online.de\/index.php\/produkt\/amulett-baum-des-lebens\/","name":"Amulett Baum des Lebens - Steinzauber\u00ae","isPartOf":{"@id":"https:\/\/steinzauber-online.de\/#website"},"primaryImageOfPage":{"@id":"https:\/\/steinzauber-online.de\/index.php\/produkt\/amulett-baum-des-lebens\/#primaryimage"},"image":{"@id":"https:\/\/steinzauber-online.de\/index.php\/produkt\/amulett-baum-des-lebens\/#primaryimage"},"thumbnailUrl":"https:\/\/steinzauber-online.de\/wp-content\/uploads\/2020\/02\/Amulett_Baum_des_Lebens_Silber_AMSI101.jpg","datePublished":"2020-02-14T17:42:51+00:00","dateModified":"2025-05-14T11:56:20+00:00","description":"Amulett Baum des Lebens aus 925 Sterlingsilber. Dieses tolle Amulett hat einen Durchmesser von 29 mm und ist leicht gew\u00f6lbt, was die plastizit\u00e4t hervorhebt.","breadcrumb":{"@id":"https:\/\/steinzauber-online.de\/index.php\/produkt\/amulett-baum-des-lebens\/#breadcrumb"},"inLanguage":"de","potentialAction":[{"@type":"ReadAction","target":["https:\/\/steinzauber-online.de\/index.php\/produkt\/amulett-baum-des-lebens\/"]}]},{"@type":"ImageObject","inLanguage":"de","@id":"https:\/\/steinzauber-online.de\/index.php\/produkt\/amulett-baum-des-lebens\/#primaryimage","url":"https:\/\/steinzauber-online.de\/wp-content\/uploads\/2020\/02\/Amulett_Baum_des_Lebens_Silber_AMSI101.jpg","contentUrl":"https:\/\/steinzauber-online.de\/wp-content\/uploads\/2020\/02\/Amulett_Baum_des_Lebens_Silber_AMSI101.jpg","width":600,"height":600,"caption":"Amulett Baum des Lebens Silber"},{"@type":"BreadcrumbList","@id":"https:\/\/steinzauber-online.de\/index.php\/produkt\/amulett-baum-des-lebens\/#breadcrumb","itemListElement":[{"@type":"ListItem","position":1,"name":"Startseite","item":"https:\/\/steinzauber-online.de\/"},{"@type":"ListItem","position":2,"name":"Shop","item":"https:\/\/steinzauber-online.de\/index.php\/shop\/"},{"@type":"ListItem","position":3,"name":"Amulett Baum des Lebens"}]},{"@type":"WebSite","@id":"https:\/\/steinzauber-online.de\/#website","url":"https:\/\/steinzauber-online.de\/","name":"Steinzauber\u00ae","description":"Schmuck aus edlem Stein","publisher":{"@id":"https:\/\/steinzauber-online.de\/#organization"},"potentialAction":[{"@type":"SearchAction","target":{"@type":"EntryPoint","urlTemplate":"https:\/\/steinzauber-online.de\/?s={search_term_string}"},"query-input":{"@type":"PropertyValueSpecification","valueRequired":true,"valueName":"search_term_string"}}],"inLanguage":"de"},{"@type":"Organization","@id":"https:\/\/steinzauber-online.de\/#organization","name":"Steinzauber","url":"https:\/\/steinzauber-online.de\/","logo":{"@type":"ImageObject","inLanguage":"de","@id":"https:\/\/steinzauber-online.de\/#\/schema\/logo\/image\/","url":"https:\/\/steinzauber-online.de\/wp-content\/uploads\/2021\/02\/Logo_500-262.jpg","contentUrl":"https:\/\/steinzauber-online.de\/wp-content\/uploads\/2021\/02\/Logo_500-262.jpg","width":500,"height":262,"caption":"Steinzauber"},"image":{"@id":"https:\/\/steinzauber-online.de\/#\/schema\/logo\/image\/"},"sameAs":["https:\/\/de-de.facebook.com\/Steinzauber\/","https:\/\/instagram.com\/steinzauber_schmuck?igshid=1fr2q2be784ld"]}]}},"jetpack_sharing_enabled":true,"_links":{"self":[{"href":"https:\/\/steinzauber-online.de\/index.php\/wp-json\/wp\/v2\/product\/6282","targetHints":{"allow":["GET"]}}],"collection":[{"href":"https:\/\/steinzauber-online.de\/index.php\/wp-json\/wp\/v2\/product"}],"about":[{"href":"https:\/\/steinzauber-online.de\/index.php\/wp-json\/wp\/v2\/types\/product"}],"wp:featuredmedia":[{"embeddable":true,"href":"https:\/\/steinzauber-online.de\/index.php\/wp-json\/wp\/v2\/media\/6283"}],"wp:attachment":[{"href":"https:\/\/steinzauber-online.de\/index.php\/wp-json\/wp\/v2\/media?parent=6282"}],"wp:term":[{"taxonomy":"product_brand","embeddable":true,"href":"https:\/\/steinzauber-online.de\/index.php\/wp-json\/wp\/v2\/product_brand?post=6282"},{"taxonomy":"product_cat","embeddable":true,"href":"https:\/\/steinzauber-online.de\/index.php\/wp-json\/wp\/v2\/product_cat?post=6282"},{"taxonomy":"product_tag","embeddable":true,"href":"https:\/\/steinzauber-online.de\/index.php\/wp-json\/wp\/v2\/product_tag?post=6282"}],"curies":[{"name":"wp","href":"https:\/\/api.w.org\/{rel}","templated":true}]}}