{"id":5751,"date":"2020-01-18T12:26:14","date_gmt":"2020-01-18T11:26:14","guid":{"rendered":"https:\/\/steinzauber-online.de\/?post_type=product&#038;p=5751"},"modified":"2025-05-14T12:57:56","modified_gmt":"2025-05-14T11:57:56","slug":"edelstahlring-mir-holz-einlage","status":"publish","type":"product","link":"https:\/\/steinzauber-online.de\/index.php\/produkt\/edelstahlring-mir-holz-einlage\/","title":{"rendered":"Edelstahlring mit Holz-Einlage"},"content":{"rendered":"<p>Richtig sch\u00f6ner Ring mit einer Holzimitat-Einlage. Klicken Sie bitte auf &#8218;W\u00e4hlen Sie eine Option&#8216; um zu erfahren, ob dieser Ring in der gew\u00fcnschten Gr\u00f6\u00dfe verf\u00fcgbar ist.<\/p>\n<p><a href=\"https:\/\/steinzauber-online.de\/index.php\/ringgroessentabelle\/\" target=\" blank\" rel=\"noopener noreferrer\">Ringgr\u00f6\u00dfen-Umrechnungstabelle<\/a><\/p>\n","protected":false},"excerpt":{"rendered":"<p>Richtig sch\u00f6ner Ring mit einer Holzimitat-Einlage. Klicken Sie bitte auf &#8218;W\u00e4hlen Sie eine Option&#8216; um zu erfahren, ob dieser Ring in der gew\u00fcnschten Gr\u00f6\u00dfe verf\u00fcgbar ist. Ringgr\u00f6\u00dfen-Umrechnungstabelle<\/p>\n","protected":false},"featured_media":5790,"template":"","meta":[],"product_brand":[],"product_cat":[616,603],"product_tag":[619,618,623,53],"class_list":{"0":"post-5751","1":"product","2":"type-product","3":"status-publish","4":"has-post-thumbnail","6":"product_cat-ringe-aus-edelstahl","7":"product_cat-neue-artikel-bei-steinzauber","8":"product_tag-edelstahl","9":"product_tag-edelstahlring","10":"product_tag-holz","11":"product_tag-ringe","13":"first","14":"instock","15":"taxable","16":"shipping-taxable","17":"purchasable","18":"product-type-variable"},"yoast_head":"<!-- This site is optimized with the Yoast SEO plugin v24.3 - https:\/\/yoast.com\/wordpress\/plugins\/seo\/ -->\n<title>Edelstahlring mit Holz-Einlage - Steinzauber\u00ae<\/title>\n<meta name=\"description\" content=\"Richtig sch\u00f6ner Ring mit einer Holzimitat-Einlage. Erfahren Sie, ob dieser Ring in Ihrer Gr\u00f6\u00dfe verf\u00fcgbar ist.\" \/>\n<meta name=\"robots\" content=\"index, follow, max-snippet:-1, max-image-preview:large, max-video-preview:-1\" \/>\n<link rel=\"canonical\" href=\"https:\/\/steinzauber-online.de\/index.php\/produkt\/edelstahlring-mir-holz-einlage\/\" \/>\n<meta property=\"og:locale\" content=\"de_DE\" \/>\n<meta property=\"og:type\" content=\"article\" \/>\n<meta property=\"og:title\" content=\"Edelstahlring mit Holz-Einlage - Steinzauber\u00ae\" \/>\n<meta property=\"og:description\" content=\"Richtig sch\u00f6ner Ring mit einer Holzimitat-Einlage. Erfahren Sie, ob dieser Ring in Ihrer Gr\u00f6\u00dfe verf\u00fcgbar ist.\" \/>\n<meta property=\"og:url\" content=\"https:\/\/steinzauber-online.de\/index.php\/produkt\/edelstahlring-mir-holz-einlage\/\" \/>\n<meta property=\"og:site_name\" content=\"Steinzauber\u00ae\" \/>\n<meta property=\"article:publisher\" content=\"https:\/\/de-de.facebook.com\/Steinzauber\/\" \/>\n<meta property=\"article:modified_time\" content=\"2025-05-14T11:57:56+00:00\" \/>\n<meta property=\"og:image\" content=\"https:\/\/steinzauber-online.de\/wp-content\/uploads\/2020\/01\/Ring_aus_Edelstahl_RIES0500.jpg\" \/>\n\t<meta property=\"og:image:width\" content=\"500\" \/>\n\t<meta property=\"og:image:height\" content=\"500\" \/>\n\t<meta property=\"og:image:type\" content=\"image\/jpeg\" \/>\n<meta name=\"twitter:card\" content=\"summary_large_image\" \/>\n<script type=\"application\/ld+json\" class=\"yoast-schema-graph\">{\"@context\":\"https:\/\/schema.org\",\"@graph\":[{\"@type\":\"WebPage\",\"@id\":\"https:\/\/steinzauber-online.de\/index.php\/produkt\/edelstahlring-mir-holz-einlage\/\",\"url\":\"https:\/\/steinzauber-online.de\/index.php\/produkt\/edelstahlring-mir-holz-einlage\/\",\"name\":\"Edelstahlring mit Holz-Einlage - Steinzauber\u00ae\",\"isPartOf\":{\"@id\":\"https:\/\/steinzauber-online.de\/#website\"},\"primaryImageOfPage\":{\"@id\":\"https:\/\/steinzauber-online.de\/index.php\/produkt\/edelstahlring-mir-holz-einlage\/#primaryimage\"},\"image\":{\"@id\":\"https:\/\/steinzauber-online.de\/index.php\/produkt\/edelstahlring-mir-holz-einlage\/#primaryimage\"},\"thumbnailUrl\":\"https:\/\/steinzauber-online.de\/wp-content\/uploads\/2020\/01\/Ring_aus_Edelstahl_RIES0500.jpg\",\"datePublished\":\"2020-01-18T11:26:14+00:00\",\"dateModified\":\"2025-05-14T11:57:56+00:00\",\"description\":\"Richtig sch\u00f6ner Ring mit einer Holzimitat-Einlage. Erfahren Sie, ob dieser Ring in Ihrer Gr\u00f6\u00dfe verf\u00fcgbar ist.\",\"breadcrumb\":{\"@id\":\"https:\/\/steinzauber-online.de\/index.php\/produkt\/edelstahlring-mir-holz-einlage\/#breadcrumb\"},\"inLanguage\":\"de\",\"potentialAction\":[{\"@type\":\"ReadAction\",\"target\":[\"https:\/\/steinzauber-online.de\/index.php\/produkt\/edelstahlring-mir-holz-einlage\/\"]}]},{\"@type\":\"ImageObject\",\"inLanguage\":\"de\",\"@id\":\"https:\/\/steinzauber-online.de\/index.php\/produkt\/edelstahlring-mir-holz-einlage\/#primaryimage\",\"url\":\"https:\/\/steinzauber-online.de\/wp-content\/uploads\/2020\/01\/Ring_aus_Edelstahl_RIES0500.jpg\",\"contentUrl\":\"https:\/\/steinzauber-online.de\/wp-content\/uploads\/2020\/01\/Ring_aus_Edelstahl_RIES0500.jpg\",\"width\":500,\"height\":500,\"caption\":\"Ring aus Edelstahl und Holz\"},{\"@type\":\"BreadcrumbList\",\"@id\":\"https:\/\/steinzauber-online.de\/index.php\/produkt\/edelstahlring-mir-holz-einlage\/#breadcrumb\",\"itemListElement\":[{\"@type\":\"ListItem\",\"position\":1,\"name\":\"Startseite\",\"item\":\"https:\/\/steinzauber-online.de\/\"},{\"@type\":\"ListItem\",\"position\":2,\"name\":\"Shop\",\"item\":\"https:\/\/steinzauber-online.de\/index.php\/shop\/\"},{\"@type\":\"ListItem\",\"position\":3,\"name\":\"Edelstahlring mit Holz-Einlage\"}]},{\"@type\":\"WebSite\",\"@id\":\"https:\/\/steinzauber-online.de\/#website\",\"url\":\"https:\/\/steinzauber-online.de\/\",\"name\":\"Steinzauber\u00ae\",\"description\":\"Schmuck aus edlem Stein\",\"publisher\":{\"@id\":\"https:\/\/steinzauber-online.de\/#organization\"},\"potentialAction\":[{\"@type\":\"SearchAction\",\"target\":{\"@type\":\"EntryPoint\",\"urlTemplate\":\"https:\/\/steinzauber-online.de\/?s={search_term_string}\"},\"query-input\":{\"@type\":\"PropertyValueSpecification\",\"valueRequired\":true,\"valueName\":\"search_term_string\"}}],\"inLanguage\":\"de\"},{\"@type\":\"Organization\",\"@id\":\"https:\/\/steinzauber-online.de\/#organization\",\"name\":\"Steinzauber\",\"url\":\"https:\/\/steinzauber-online.de\/\",\"logo\":{\"@type\":\"ImageObject\",\"inLanguage\":\"de\",\"@id\":\"https:\/\/steinzauber-online.de\/#\/schema\/logo\/image\/\",\"url\":\"https:\/\/steinzauber-online.de\/wp-content\/uploads\/2021\/02\/Logo_500-262.jpg\",\"contentUrl\":\"https:\/\/steinzauber-online.de\/wp-content\/uploads\/2021\/02\/Logo_500-262.jpg\",\"width\":500,\"height\":262,\"caption\":\"Steinzauber\"},\"image\":{\"@id\":\"https:\/\/steinzauber-online.de\/#\/schema\/logo\/image\/\"},\"sameAs\":[\"https:\/\/de-de.facebook.com\/Steinzauber\/\",\"https:\/\/instagram.com\/steinzauber_schmuck?igshid=1fr2q2be784ld\"]}]}<\/script>\n<!-- \/ Yoast SEO plugin. -->","yoast_head_json":{"title":"Edelstahlring mit Holz-Einlage - Steinzauber\u00ae","description":"Richtig sch\u00f6ner Ring mit einer Holzimitat-Einlage. Erfahren Sie, ob dieser Ring in Ihrer Gr\u00f6\u00dfe verf\u00fcgbar ist.","robots":{"index":"index","follow":"follow","max-snippet":"max-snippet:-1","max-image-preview":"max-image-preview:large","max-video-preview":"max-video-preview:-1"},"canonical":"https:\/\/steinzauber-online.de\/index.php\/produkt\/edelstahlring-mir-holz-einlage\/","og_locale":"de_DE","og_type":"article","og_title":"Edelstahlring mit Holz-Einlage - Steinzauber\u00ae","og_description":"Richtig sch\u00f6ner Ring mit einer Holzimitat-Einlage. Erfahren Sie, ob dieser Ring in Ihrer Gr\u00f6\u00dfe verf\u00fcgbar ist.","og_url":"https:\/\/steinzauber-online.de\/index.php\/produkt\/edelstahlring-mir-holz-einlage\/","og_site_name":"Steinzauber\u00ae","article_publisher":"https:\/\/de-de.facebook.com\/Steinzauber\/","article_modified_time":"2025-05-14T11:57:56+00:00","og_image":[{"width":500,"height":500,"url":"https:\/\/steinzauber-online.de\/wp-content\/uploads\/2020\/01\/Ring_aus_Edelstahl_RIES0500.jpg","type":"image\/jpeg"}],"twitter_card":"summary_large_image","schema":{"@context":"https:\/\/schema.org","@graph":[{"@type":"WebPage","@id":"https:\/\/steinzauber-online.de\/index.php\/produkt\/edelstahlring-mir-holz-einlage\/","url":"https:\/\/steinzauber-online.de\/index.php\/produkt\/edelstahlring-mir-holz-einlage\/","name":"Edelstahlring mit Holz-Einlage - Steinzauber\u00ae","isPartOf":{"@id":"https:\/\/steinzauber-online.de\/#website"},"primaryImageOfPage":{"@id":"https:\/\/steinzauber-online.de\/index.php\/produkt\/edelstahlring-mir-holz-einlage\/#primaryimage"},"image":{"@id":"https:\/\/steinzauber-online.de\/index.php\/produkt\/edelstahlring-mir-holz-einlage\/#primaryimage"},"thumbnailUrl":"https:\/\/steinzauber-online.de\/wp-content\/uploads\/2020\/01\/Ring_aus_Edelstahl_RIES0500.jpg","datePublished":"2020-01-18T11:26:14+00:00","dateModified":"2025-05-14T11:57:56+00:00","description":"Richtig sch\u00f6ner Ring mit einer Holzimitat-Einlage. Erfahren Sie, ob dieser Ring in Ihrer Gr\u00f6\u00dfe verf\u00fcgbar ist.","breadcrumb":{"@id":"https:\/\/steinzauber-online.de\/index.php\/produkt\/edelstahlring-mir-holz-einlage\/#breadcrumb"},"inLanguage":"de","potentialAction":[{"@type":"ReadAction","target":["https:\/\/steinzauber-online.de\/index.php\/produkt\/edelstahlring-mir-holz-einlage\/"]}]},{"@type":"ImageObject","inLanguage":"de","@id":"https:\/\/steinzauber-online.de\/index.php\/produkt\/edelstahlring-mir-holz-einlage\/#primaryimage","url":"https:\/\/steinzauber-online.de\/wp-content\/uploads\/2020\/01\/Ring_aus_Edelstahl_RIES0500.jpg","contentUrl":"https:\/\/steinzauber-online.de\/wp-content\/uploads\/2020\/01\/Ring_aus_Edelstahl_RIES0500.jpg","width":500,"height":500,"caption":"Ring aus Edelstahl und Holz"},{"@type":"BreadcrumbList","@id":"https:\/\/steinzauber-online.de\/index.php\/produkt\/edelstahlring-mir-holz-einlage\/#breadcrumb","itemListElement":[{"@type":"ListItem","position":1,"name":"Startseite","item":"https:\/\/steinzauber-online.de\/"},{"@type":"ListItem","position":2,"name":"Shop","item":"https:\/\/steinzauber-online.de\/index.php\/shop\/"},{"@type":"ListItem","position":3,"name":"Edelstahlring mit Holz-Einlage"}]},{"@type":"WebSite","@id":"https:\/\/steinzauber-online.de\/#website","url":"https:\/\/steinzauber-online.de\/","name":"Steinzauber\u00ae","description":"Schmuck aus edlem Stein","publisher":{"@id":"https:\/\/steinzauber-online.de\/#organization"},"potentialAction":[{"@type":"SearchAction","target":{"@type":"EntryPoint","urlTemplate":"https:\/\/steinzauber-online.de\/?s={search_term_string}"},"query-input":{"@type":"PropertyValueSpecification","valueRequired":true,"valueName":"search_term_string"}}],"inLanguage":"de"},{"@type":"Organization","@id":"https:\/\/steinzauber-online.de\/#organization","name":"Steinzauber","url":"https:\/\/steinzauber-online.de\/","logo":{"@type":"ImageObject","inLanguage":"de","@id":"https:\/\/steinzauber-online.de\/#\/schema\/logo\/image\/","url":"https:\/\/steinzauber-online.de\/wp-content\/uploads\/2021\/02\/Logo_500-262.jpg","contentUrl":"https:\/\/steinzauber-online.de\/wp-content\/uploads\/2021\/02\/Logo_500-262.jpg","width":500,"height":262,"caption":"Steinzauber"},"image":{"@id":"https:\/\/steinzauber-online.de\/#\/schema\/logo\/image\/"},"sameAs":["https:\/\/de-de.facebook.com\/Steinzauber\/","https:\/\/instagram.com\/steinzauber_schmuck?igshid=1fr2q2be784ld"]}]}},"jetpack_sharing_enabled":true,"_links":{"self":[{"href":"https:\/\/steinzauber-online.de\/index.php\/wp-json\/wp\/v2\/product\/5751","targetHints":{"allow":["GET"]}}],"collection":[{"href":"https:\/\/steinzauber-online.de\/index.php\/wp-json\/wp\/v2\/product"}],"about":[{"href":"https:\/\/steinzauber-online.de\/index.php\/wp-json\/wp\/v2\/types\/product"}],"wp:featuredmedia":[{"embeddable":true,"href":"https:\/\/steinzauber-online.de\/index.php\/wp-json\/wp\/v2\/media\/5790"}],"wp:attachment":[{"href":"https:\/\/steinzauber-online.de\/index.php\/wp-json\/wp\/v2\/media?parent=5751"}],"wp:term":[{"taxonomy":"product_brand","embeddable":true,"href":"https:\/\/steinzauber-online.de\/index.php\/wp-json\/wp\/v2\/product_brand?post=5751"},{"taxonomy":"product_cat","embeddable":true,"href":"https:\/\/steinzauber-online.de\/index.php\/wp-json\/wp\/v2\/product_cat?post=5751"},{"taxonomy":"product_tag","embeddable":true,"href":"https:\/\/steinzauber-online.de\/index.php\/wp-json\/wp\/v2\/product_tag?post=5751"}],"curies":[{"name":"wp","href":"https:\/\/api.w.org\/{rel}","templated":true}]}}