{"id":5345,"date":"2019-12-31T19:36:30","date_gmt":"2019-12-31T18:36:30","guid":{"rendered":"https:\/\/steinzauber-online.de\/?post_type=product&#038;p=5345"},"modified":"2025-05-14T12:59:06","modified_gmt":"2025-05-14T11:59:06","slug":"sternzeichen-wassermann-21-januar-19-februar-abalone-paua-muschel","status":"publish","type":"product","link":"https:\/\/steinzauber-online.de\/index.php\/produkt\/sternzeichen-wassermann-21-januar-19-februar-abalone-paua-muschel\/","title":{"rendered":"Sternzeichen Wassermann &#8211; 21. Januar bis 19. Februar"},"content":{"rendered":"<p>Sternzeichen Wassermann &#8211; 21. Januar bis 19. Februar aus Abalone \/ Paua-Muschel.<\/p>\n<p>Die im Sternzeichen Wassermann geborene Menschen gelten als kommunikationsstark und unabh\u00e4ngig. Sie haben oftmals au\u00dfergew\u00f6hnliche Pl\u00e4ne, sie sind halt echte Individualisten.<\/p>\n","protected":false},"excerpt":{"rendered":"<p>Sternzeichen Wassermann &#8211; 21. Januar bis 19. Februar aus Abalone \/ Paua-Muschel. Die im Sternzeichen Wassermann geborene Menschen gelten als kommunikationsstark und unabh\u00e4ngig. Sie haben oftmals au\u00dfergew\u00f6hnliche Pl\u00e4ne, sie sind halt echte Individualisten.<\/p>\n","protected":false},"featured_media":5380,"template":"","meta":[],"product_brand":[],"product_cat":[565],"product_tag":[553,566,309,142,567,536,551,466],"class_list":{"0":"post-5345","1":"product","2":"type-product","3":"status-publish","4":"has-post-thumbnail","6":"product_cat-aus-abalone-paua","7":"product_tag-21-januar-bis-19-februar","8":"product_tag-abalone","9":"product_tag-anhaenger","10":"product_tag-edelsteine","11":"product_tag-paua-muschel","12":"product_tag-perlmutt","13":"product_tag-sternzeichen","14":"product_tag-wassermann","16":"first","17":"instock","18":"taxable","19":"shipping-taxable","20":"purchasable","21":"product-type-simple"},"yoast_head":"<!-- This site is optimized with the Yoast SEO plugin v24.3 - https:\/\/yoast.com\/wordpress\/plugins\/seo\/ -->\n<title>Sternzeichen Wassermann - 21. Januar bis 19. Februar - Steinzauber\u00ae<\/title>\n<meta name=\"description\" content=\"Sternzeichen Wassermann - 21. Januar bis 19. Februar aus Abalone \/ Paua-Muschel. Die im Sternzeichen Wassermann geborene Menschen gelten als kommunikationsstark und unabh\u00e4ngig. Sie haben oftmals au\u00dfergew\u00f6hnliche Pl\u00e4ne, sie sind halt echte Individualisten.\" \/>\n<meta name=\"robots\" content=\"index, follow, max-snippet:-1, max-image-preview:large, max-video-preview:-1\" \/>\n<link rel=\"canonical\" href=\"https:\/\/steinzauber-online.de\/index.php\/produkt\/sternzeichen-wassermann-21-januar-19-februar-abalone-paua-muschel\/\" \/>\n<meta property=\"og:locale\" content=\"de_DE\" \/>\n<meta property=\"og:type\" content=\"article\" \/>\n<meta property=\"og:title\" content=\"Sternzeichen Wassermann - 21. Januar bis 19. Februar - Steinzauber\u00ae\" \/>\n<meta property=\"og:description\" content=\"Sternzeichen Wassermann - 21. Januar bis 19. Februar aus Abalone \/ Paua-Muschel. Die im Sternzeichen Wassermann geborene Menschen gelten als kommunikationsstark und unabh\u00e4ngig. Sie haben oftmals au\u00dfergew\u00f6hnliche Pl\u00e4ne, sie sind halt echte Individualisten.\" \/>\n<meta property=\"og:url\" content=\"https:\/\/steinzauber-online.de\/index.php\/produkt\/sternzeichen-wassermann-21-januar-19-februar-abalone-paua-muschel\/\" \/>\n<meta property=\"og:site_name\" content=\"Steinzauber\u00ae\" \/>\n<meta property=\"article:publisher\" content=\"https:\/\/de-de.facebook.com\/Steinzauber\/\" \/>\n<meta property=\"article:modified_time\" content=\"2025-05-14T11:59:06+00:00\" \/>\n<meta property=\"og:image\" content=\"https:\/\/steinzauber-online.de\/wp-content\/uploads\/2019\/12\/Sternzeichen_Wassermann_SZABWS02.jpg\" \/>\n\t<meta property=\"og:image:width\" content=\"362\" \/>\n\t<meta property=\"og:image:height\" content=\"361\" \/>\n\t<meta property=\"og:image:type\" content=\"image\/jpeg\" \/>\n<meta name=\"twitter:card\" content=\"summary_large_image\" \/>\n<script type=\"application\/ld+json\" class=\"yoast-schema-graph\">{\"@context\":\"https:\/\/schema.org\",\"@graph\":[{\"@type\":\"WebPage\",\"@id\":\"https:\/\/steinzauber-online.de\/index.php\/produkt\/sternzeichen-wassermann-21-januar-19-februar-abalone-paua-muschel\/\",\"url\":\"https:\/\/steinzauber-online.de\/index.php\/produkt\/sternzeichen-wassermann-21-januar-19-februar-abalone-paua-muschel\/\",\"name\":\"Sternzeichen Wassermann - 21. Januar bis 19. Februar - Steinzauber\u00ae\",\"isPartOf\":{\"@id\":\"https:\/\/steinzauber-online.de\/#website\"},\"primaryImageOfPage\":{\"@id\":\"https:\/\/steinzauber-online.de\/index.php\/produkt\/sternzeichen-wassermann-21-januar-19-februar-abalone-paua-muschel\/#primaryimage\"},\"image\":{\"@id\":\"https:\/\/steinzauber-online.de\/index.php\/produkt\/sternzeichen-wassermann-21-januar-19-februar-abalone-paua-muschel\/#primaryimage\"},\"thumbnailUrl\":\"https:\/\/steinzauber-online.de\/wp-content\/uploads\/2019\/12\/Sternzeichen_Wassermann_SZABWS02.jpg\",\"datePublished\":\"2019-12-31T18:36:30+00:00\",\"dateModified\":\"2025-05-14T11:59:06+00:00\",\"description\":\"Sternzeichen Wassermann - 21. Januar bis 19. Februar aus Abalone \/ Paua-Muschel. Die im Sternzeichen Wassermann geborene Menschen gelten als kommunikationsstark und unabh\u00e4ngig. Sie haben oftmals au\u00dfergew\u00f6hnliche Pl\u00e4ne, sie sind halt echte Individualisten.\",\"breadcrumb\":{\"@id\":\"https:\/\/steinzauber-online.de\/index.php\/produkt\/sternzeichen-wassermann-21-januar-19-februar-abalone-paua-muschel\/#breadcrumb\"},\"inLanguage\":\"de\",\"potentialAction\":[{\"@type\":\"ReadAction\",\"target\":[\"https:\/\/steinzauber-online.de\/index.php\/produkt\/sternzeichen-wassermann-21-januar-19-februar-abalone-paua-muschel\/\"]}]},{\"@type\":\"ImageObject\",\"inLanguage\":\"de\",\"@id\":\"https:\/\/steinzauber-online.de\/index.php\/produkt\/sternzeichen-wassermann-21-januar-19-februar-abalone-paua-muschel\/#primaryimage\",\"url\":\"https:\/\/steinzauber-online.de\/wp-content\/uploads\/2019\/12\/Sternzeichen_Wassermann_SZABWS02.jpg\",\"contentUrl\":\"https:\/\/steinzauber-online.de\/wp-content\/uploads\/2019\/12\/Sternzeichen_Wassermann_SZABWS02.jpg\",\"width\":362,\"height\":361,\"caption\":\"Sternzeichen Wassermann - 21. Januar bis 19. Februar\"},{\"@type\":\"BreadcrumbList\",\"@id\":\"https:\/\/steinzauber-online.de\/index.php\/produkt\/sternzeichen-wassermann-21-januar-19-februar-abalone-paua-muschel\/#breadcrumb\",\"itemListElement\":[{\"@type\":\"ListItem\",\"position\":1,\"name\":\"Startseite\",\"item\":\"https:\/\/steinzauber-online.de\/\"},{\"@type\":\"ListItem\",\"position\":2,\"name\":\"Shop\",\"item\":\"https:\/\/steinzauber-online.de\/index.php\/shop\/\"},{\"@type\":\"ListItem\",\"position\":3,\"name\":\"Sternzeichen Wassermann &#8211; 21. Januar bis 19. Februar\"}]},{\"@type\":\"WebSite\",\"@id\":\"https:\/\/steinzauber-online.de\/#website\",\"url\":\"https:\/\/steinzauber-online.de\/\",\"name\":\"Steinzauber\u00ae\",\"description\":\"Schmuck aus edlem Stein\",\"publisher\":{\"@id\":\"https:\/\/steinzauber-online.de\/#organization\"},\"potentialAction\":[{\"@type\":\"SearchAction\",\"target\":{\"@type\":\"EntryPoint\",\"urlTemplate\":\"https:\/\/steinzauber-online.de\/?s={search_term_string}\"},\"query-input\":{\"@type\":\"PropertyValueSpecification\",\"valueRequired\":true,\"valueName\":\"search_term_string\"}}],\"inLanguage\":\"de\"},{\"@type\":\"Organization\",\"@id\":\"https:\/\/steinzauber-online.de\/#organization\",\"name\":\"Steinzauber\",\"url\":\"https:\/\/steinzauber-online.de\/\",\"logo\":{\"@type\":\"ImageObject\",\"inLanguage\":\"de\",\"@id\":\"https:\/\/steinzauber-online.de\/#\/schema\/logo\/image\/\",\"url\":\"https:\/\/steinzauber-online.de\/wp-content\/uploads\/2021\/02\/Logo_500-262.jpg\",\"contentUrl\":\"https:\/\/steinzauber-online.de\/wp-content\/uploads\/2021\/02\/Logo_500-262.jpg\",\"width\":500,\"height\":262,\"caption\":\"Steinzauber\"},\"image\":{\"@id\":\"https:\/\/steinzauber-online.de\/#\/schema\/logo\/image\/\"},\"sameAs\":[\"https:\/\/de-de.facebook.com\/Steinzauber\/\",\"https:\/\/instagram.com\/steinzauber_schmuck?igshid=1fr2q2be784ld\"]}]}<\/script>\n<!-- \/ Yoast SEO plugin. -->","yoast_head_json":{"title":"Sternzeichen Wassermann - 21. Januar bis 19. Februar - Steinzauber\u00ae","description":"Sternzeichen Wassermann - 21. Januar bis 19. Februar aus Abalone \/ Paua-Muschel. Die im Sternzeichen Wassermann geborene Menschen gelten als kommunikationsstark und unabh\u00e4ngig. Sie haben oftmals au\u00dfergew\u00f6hnliche Pl\u00e4ne, sie sind halt echte Individualisten.","robots":{"index":"index","follow":"follow","max-snippet":"max-snippet:-1","max-image-preview":"max-image-preview:large","max-video-preview":"max-video-preview:-1"},"canonical":"https:\/\/steinzauber-online.de\/index.php\/produkt\/sternzeichen-wassermann-21-januar-19-februar-abalone-paua-muschel\/","og_locale":"de_DE","og_type":"article","og_title":"Sternzeichen Wassermann - 21. Januar bis 19. Februar - Steinzauber\u00ae","og_description":"Sternzeichen Wassermann - 21. Januar bis 19. Februar aus Abalone \/ Paua-Muschel. Die im Sternzeichen Wassermann geborene Menschen gelten als kommunikationsstark und unabh\u00e4ngig. Sie haben oftmals au\u00dfergew\u00f6hnliche Pl\u00e4ne, sie sind halt echte Individualisten.","og_url":"https:\/\/steinzauber-online.de\/index.php\/produkt\/sternzeichen-wassermann-21-januar-19-februar-abalone-paua-muschel\/","og_site_name":"Steinzauber\u00ae","article_publisher":"https:\/\/de-de.facebook.com\/Steinzauber\/","article_modified_time":"2025-05-14T11:59:06+00:00","og_image":[{"width":362,"height":361,"url":"https:\/\/steinzauber-online.de\/wp-content\/uploads\/2019\/12\/Sternzeichen_Wassermann_SZABWS02.jpg","type":"image\/jpeg"}],"twitter_card":"summary_large_image","schema":{"@context":"https:\/\/schema.org","@graph":[{"@type":"WebPage","@id":"https:\/\/steinzauber-online.de\/index.php\/produkt\/sternzeichen-wassermann-21-januar-19-februar-abalone-paua-muschel\/","url":"https:\/\/steinzauber-online.de\/index.php\/produkt\/sternzeichen-wassermann-21-januar-19-februar-abalone-paua-muschel\/","name":"Sternzeichen Wassermann - 21. Januar bis 19. Februar - Steinzauber\u00ae","isPartOf":{"@id":"https:\/\/steinzauber-online.de\/#website"},"primaryImageOfPage":{"@id":"https:\/\/steinzauber-online.de\/index.php\/produkt\/sternzeichen-wassermann-21-januar-19-februar-abalone-paua-muschel\/#primaryimage"},"image":{"@id":"https:\/\/steinzauber-online.de\/index.php\/produkt\/sternzeichen-wassermann-21-januar-19-februar-abalone-paua-muschel\/#primaryimage"},"thumbnailUrl":"https:\/\/steinzauber-online.de\/wp-content\/uploads\/2019\/12\/Sternzeichen_Wassermann_SZABWS02.jpg","datePublished":"2019-12-31T18:36:30+00:00","dateModified":"2025-05-14T11:59:06+00:00","description":"Sternzeichen Wassermann - 21. Januar bis 19. Februar aus Abalone \/ Paua-Muschel. Die im Sternzeichen Wassermann geborene Menschen gelten als kommunikationsstark und unabh\u00e4ngig. Sie haben oftmals au\u00dfergew\u00f6hnliche Pl\u00e4ne, sie sind halt echte Individualisten.","breadcrumb":{"@id":"https:\/\/steinzauber-online.de\/index.php\/produkt\/sternzeichen-wassermann-21-januar-19-februar-abalone-paua-muschel\/#breadcrumb"},"inLanguage":"de","potentialAction":[{"@type":"ReadAction","target":["https:\/\/steinzauber-online.de\/index.php\/produkt\/sternzeichen-wassermann-21-januar-19-februar-abalone-paua-muschel\/"]}]},{"@type":"ImageObject","inLanguage":"de","@id":"https:\/\/steinzauber-online.de\/index.php\/produkt\/sternzeichen-wassermann-21-januar-19-februar-abalone-paua-muschel\/#primaryimage","url":"https:\/\/steinzauber-online.de\/wp-content\/uploads\/2019\/12\/Sternzeichen_Wassermann_SZABWS02.jpg","contentUrl":"https:\/\/steinzauber-online.de\/wp-content\/uploads\/2019\/12\/Sternzeichen_Wassermann_SZABWS02.jpg","width":362,"height":361,"caption":"Sternzeichen Wassermann - 21. Januar bis 19. Februar"},{"@type":"BreadcrumbList","@id":"https:\/\/steinzauber-online.de\/index.php\/produkt\/sternzeichen-wassermann-21-januar-19-februar-abalone-paua-muschel\/#breadcrumb","itemListElement":[{"@type":"ListItem","position":1,"name":"Startseite","item":"https:\/\/steinzauber-online.de\/"},{"@type":"ListItem","position":2,"name":"Shop","item":"https:\/\/steinzauber-online.de\/index.php\/shop\/"},{"@type":"ListItem","position":3,"name":"Sternzeichen Wassermann &#8211; 21. Januar bis 19. Februar"}]},{"@type":"WebSite","@id":"https:\/\/steinzauber-online.de\/#website","url":"https:\/\/steinzauber-online.de\/","name":"Steinzauber\u00ae","description":"Schmuck aus edlem Stein","publisher":{"@id":"https:\/\/steinzauber-online.de\/#organization"},"potentialAction":[{"@type":"SearchAction","target":{"@type":"EntryPoint","urlTemplate":"https:\/\/steinzauber-online.de\/?s={search_term_string}"},"query-input":{"@type":"PropertyValueSpecification","valueRequired":true,"valueName":"search_term_string"}}],"inLanguage":"de"},{"@type":"Organization","@id":"https:\/\/steinzauber-online.de\/#organization","name":"Steinzauber","url":"https:\/\/steinzauber-online.de\/","logo":{"@type":"ImageObject","inLanguage":"de","@id":"https:\/\/steinzauber-online.de\/#\/schema\/logo\/image\/","url":"https:\/\/steinzauber-online.de\/wp-content\/uploads\/2021\/02\/Logo_500-262.jpg","contentUrl":"https:\/\/steinzauber-online.de\/wp-content\/uploads\/2021\/02\/Logo_500-262.jpg","width":500,"height":262,"caption":"Steinzauber"},"image":{"@id":"https:\/\/steinzauber-online.de\/#\/schema\/logo\/image\/"},"sameAs":["https:\/\/de-de.facebook.com\/Steinzauber\/","https:\/\/instagram.com\/steinzauber_schmuck?igshid=1fr2q2be784ld"]}]}},"jetpack_sharing_enabled":true,"_links":{"self":[{"href":"https:\/\/steinzauber-online.de\/index.php\/wp-json\/wp\/v2\/product\/5345","targetHints":{"allow":["GET"]}}],"collection":[{"href":"https:\/\/steinzauber-online.de\/index.php\/wp-json\/wp\/v2\/product"}],"about":[{"href":"https:\/\/steinzauber-online.de\/index.php\/wp-json\/wp\/v2\/types\/product"}],"wp:featuredmedia":[{"embeddable":true,"href":"https:\/\/steinzauber-online.de\/index.php\/wp-json\/wp\/v2\/media\/5380"}],"wp:attachment":[{"href":"https:\/\/steinzauber-online.de\/index.php\/wp-json\/wp\/v2\/media?parent=5345"}],"wp:term":[{"taxonomy":"product_brand","embeddable":true,"href":"https:\/\/steinzauber-online.de\/index.php\/wp-json\/wp\/v2\/product_brand?post=5345"},{"taxonomy":"product_cat","embeddable":true,"href":"https:\/\/steinzauber-online.de\/index.php\/wp-json\/wp\/v2\/product_cat?post=5345"},{"taxonomy":"product_tag","embeddable":true,"href":"https:\/\/steinzauber-online.de\/index.php\/wp-json\/wp\/v2\/product_tag?post=5345"}],"curies":[{"name":"wp","href":"https:\/\/api.w.org\/{rel}","templated":true}]}}