{"id":5331,"date":"2019-12-30T18:58:11","date_gmt":"2019-12-30T17:58:11","guid":{"rendered":"https:\/\/steinzauber-online.de\/?post_type=product&#038;p=5331"},"modified":"2025-05-14T12:59:06","modified_gmt":"2025-05-14T11:59:06","slug":"sternzeichen-stier-21-april-20-mai-perlmutt","status":"publish","type":"product","link":"https:\/\/steinzauber-online.de\/index.php\/produkt\/sternzeichen-stier-21-april-20-mai-perlmutt\/","title":{"rendered":"Sternzeichen Stier &#8211; 21. April bis 20. Mai"},"content":{"rendered":"<p>Sternzeichen Stier &#8211; 21. April bis 20. Mai aus Perlmutt.<\/p>\n<p>Die im Sternzeichen Stier geborene Menschen sind willensstark. Allerdings sind sie unter ihrer harten Oberfl\u00e4che meist sehr zart. Stiere sind gerne f\u00fcr die sch\u00f6nen und sinnlichen Dingen des Lebens zu haben.<\/p>\n","protected":false},"excerpt":{"rendered":"<p>Sternzeichen Stier &#8211; 21. April bis 20. Mai aus Perlmutt. Die im Sternzeichen Stier geborene Menschen sind willensstark. Allerdings sind sie unter ihrer harten Oberfl\u00e4che meist sehr zart. Stiere sind gerne f\u00fcr die sch\u00f6nen und sinnlichen Dingen des Lebens zu haben.<\/p>\n","protected":false},"featured_media":5371,"template":"","meta":[],"product_brand":[],"product_cat":[564],"product_tag":[556,309,142,536,551,467],"class_list":{"0":"post-5331","1":"product","2":"type-product","3":"status-publish","4":"has-post-thumbnail","6":"product_cat-aus-perlmutt","7":"product_tag-21-april-bis-20-mai","8":"product_tag-anhaenger","9":"product_tag-edelsteine","10":"product_tag-perlmutt","11":"product_tag-sternzeichen","12":"product_tag-stier","14":"first","15":"instock","16":"taxable","17":"shipping-taxable","18":"purchasable","19":"product-type-simple"},"yoast_head":"<!-- This site is optimized with the Yoast SEO plugin v24.3 - https:\/\/yoast.com\/wordpress\/plugins\/seo\/ -->\n<title>Sternzeichen Stier - 21. April bis 20. Mai - Steinzauber\u00ae<\/title>\n<meta name=\"description\" content=\"Sternzeichen Stier - 21. April bis 20. Mai aus Perlmutt. Die im Sternzeichen Stier geborene Menschen sind willensstark. Allerdings sind sie unter ihrer harten Oberfl\u00e4che meist sehr zart. Stiere sind gerne f\u00fcr die sch\u00f6nen und sinnlichen Dingen des Lebens zu haben.\" \/>\n<meta name=\"robots\" content=\"index, follow, max-snippet:-1, max-image-preview:large, max-video-preview:-1\" \/>\n<link rel=\"canonical\" href=\"https:\/\/steinzauber-online.de\/index.php\/produkt\/sternzeichen-stier-21-april-20-mai-perlmutt\/\" \/>\n<meta property=\"og:locale\" content=\"de_DE\" \/>\n<meta property=\"og:type\" content=\"article\" \/>\n<meta property=\"og:title\" content=\"Sternzeichen Stier - 21. April bis 20. Mai - Steinzauber\u00ae\" \/>\n<meta property=\"og:description\" content=\"Sternzeichen Stier - 21. April bis 20. Mai aus Perlmutt. Die im Sternzeichen Stier geborene Menschen sind willensstark. Allerdings sind sie unter ihrer harten Oberfl\u00e4che meist sehr zart. Stiere sind gerne f\u00fcr die sch\u00f6nen und sinnlichen Dingen des Lebens zu haben.\" \/>\n<meta property=\"og:url\" content=\"https:\/\/steinzauber-online.de\/index.php\/produkt\/sternzeichen-stier-21-april-20-mai-perlmutt\/\" \/>\n<meta property=\"og:site_name\" content=\"Steinzauber\u00ae\" \/>\n<meta property=\"article:publisher\" content=\"https:\/\/de-de.facebook.com\/Steinzauber\/\" \/>\n<meta property=\"article:modified_time\" content=\"2025-05-14T11:59:06+00:00\" \/>\n<meta property=\"og:image\" content=\"https:\/\/steinzauber-online.de\/wp-content\/uploads\/2019\/12\/Sternzeichen_Stier_SZPMST05.jpg\" \/>\n\t<meta property=\"og:image:width\" content=\"500\" \/>\n\t<meta property=\"og:image:height\" content=\"500\" \/>\n\t<meta property=\"og:image:type\" content=\"image\/jpeg\" \/>\n<meta name=\"twitter:card\" content=\"summary_large_image\" \/>\n<script type=\"application\/ld+json\" class=\"yoast-schema-graph\">{\"@context\":\"https:\/\/schema.org\",\"@graph\":[{\"@type\":\"WebPage\",\"@id\":\"https:\/\/steinzauber-online.de\/index.php\/produkt\/sternzeichen-stier-21-april-20-mai-perlmutt\/\",\"url\":\"https:\/\/steinzauber-online.de\/index.php\/produkt\/sternzeichen-stier-21-april-20-mai-perlmutt\/\",\"name\":\"Sternzeichen Stier - 21. April bis 20. Mai - Steinzauber\u00ae\",\"isPartOf\":{\"@id\":\"https:\/\/steinzauber-online.de\/#website\"},\"primaryImageOfPage\":{\"@id\":\"https:\/\/steinzauber-online.de\/index.php\/produkt\/sternzeichen-stier-21-april-20-mai-perlmutt\/#primaryimage\"},\"image\":{\"@id\":\"https:\/\/steinzauber-online.de\/index.php\/produkt\/sternzeichen-stier-21-april-20-mai-perlmutt\/#primaryimage\"},\"thumbnailUrl\":\"https:\/\/steinzauber-online.de\/wp-content\/uploads\/2019\/12\/Sternzeichen_Stier_SZPMST05.jpg\",\"datePublished\":\"2019-12-30T17:58:11+00:00\",\"dateModified\":\"2025-05-14T11:59:06+00:00\",\"description\":\"Sternzeichen Stier - 21. April bis 20. Mai aus Perlmutt. Die im Sternzeichen Stier geborene Menschen sind willensstark. Allerdings sind sie unter ihrer harten Oberfl\u00e4che meist sehr zart. Stiere sind gerne f\u00fcr die sch\u00f6nen und sinnlichen Dingen des Lebens zu haben.\",\"breadcrumb\":{\"@id\":\"https:\/\/steinzauber-online.de\/index.php\/produkt\/sternzeichen-stier-21-april-20-mai-perlmutt\/#breadcrumb\"},\"inLanguage\":\"de\",\"potentialAction\":[{\"@type\":\"ReadAction\",\"target\":[\"https:\/\/steinzauber-online.de\/index.php\/produkt\/sternzeichen-stier-21-april-20-mai-perlmutt\/\"]}]},{\"@type\":\"ImageObject\",\"inLanguage\":\"de\",\"@id\":\"https:\/\/steinzauber-online.de\/index.php\/produkt\/sternzeichen-stier-21-april-20-mai-perlmutt\/#primaryimage\",\"url\":\"https:\/\/steinzauber-online.de\/wp-content\/uploads\/2019\/12\/Sternzeichen_Stier_SZPMST05.jpg\",\"contentUrl\":\"https:\/\/steinzauber-online.de\/wp-content\/uploads\/2019\/12\/Sternzeichen_Stier_SZPMST05.jpg\",\"width\":500,\"height\":500,\"caption\":\"Sternzeichen Stier - 21. April bis 20. Mai\"},{\"@type\":\"BreadcrumbList\",\"@id\":\"https:\/\/steinzauber-online.de\/index.php\/produkt\/sternzeichen-stier-21-april-20-mai-perlmutt\/#breadcrumb\",\"itemListElement\":[{\"@type\":\"ListItem\",\"position\":1,\"name\":\"Startseite\",\"item\":\"https:\/\/steinzauber-online.de\/\"},{\"@type\":\"ListItem\",\"position\":2,\"name\":\"Shop\",\"item\":\"https:\/\/steinzauber-online.de\/index.php\/shop\/\"},{\"@type\":\"ListItem\",\"position\":3,\"name\":\"Sternzeichen Stier &#8211; 21. April bis 20. Mai\"}]},{\"@type\":\"WebSite\",\"@id\":\"https:\/\/steinzauber-online.de\/#website\",\"url\":\"https:\/\/steinzauber-online.de\/\",\"name\":\"Steinzauber\u00ae\",\"description\":\"Schmuck aus edlem Stein\",\"publisher\":{\"@id\":\"https:\/\/steinzauber-online.de\/#organization\"},\"potentialAction\":[{\"@type\":\"SearchAction\",\"target\":{\"@type\":\"EntryPoint\",\"urlTemplate\":\"https:\/\/steinzauber-online.de\/?s={search_term_string}\"},\"query-input\":{\"@type\":\"PropertyValueSpecification\",\"valueRequired\":true,\"valueName\":\"search_term_string\"}}],\"inLanguage\":\"de\"},{\"@type\":\"Organization\",\"@id\":\"https:\/\/steinzauber-online.de\/#organization\",\"name\":\"Steinzauber\",\"url\":\"https:\/\/steinzauber-online.de\/\",\"logo\":{\"@type\":\"ImageObject\",\"inLanguage\":\"de\",\"@id\":\"https:\/\/steinzauber-online.de\/#\/schema\/logo\/image\/\",\"url\":\"https:\/\/steinzauber-online.de\/wp-content\/uploads\/2021\/02\/Logo_500-262.jpg\",\"contentUrl\":\"https:\/\/steinzauber-online.de\/wp-content\/uploads\/2021\/02\/Logo_500-262.jpg\",\"width\":500,\"height\":262,\"caption\":\"Steinzauber\"},\"image\":{\"@id\":\"https:\/\/steinzauber-online.de\/#\/schema\/logo\/image\/\"},\"sameAs\":[\"https:\/\/de-de.facebook.com\/Steinzauber\/\",\"https:\/\/instagram.com\/steinzauber_schmuck?igshid=1fr2q2be784ld\"]}]}<\/script>\n<!-- \/ Yoast SEO plugin. -->","yoast_head_json":{"title":"Sternzeichen Stier - 21. April bis 20. Mai - Steinzauber\u00ae","description":"Sternzeichen Stier - 21. April bis 20. Mai aus Perlmutt. Die im Sternzeichen Stier geborene Menschen sind willensstark. Allerdings sind sie unter ihrer harten Oberfl\u00e4che meist sehr zart. Stiere sind gerne f\u00fcr die sch\u00f6nen und sinnlichen Dingen des Lebens zu haben.","robots":{"index":"index","follow":"follow","max-snippet":"max-snippet:-1","max-image-preview":"max-image-preview:large","max-video-preview":"max-video-preview:-1"},"canonical":"https:\/\/steinzauber-online.de\/index.php\/produkt\/sternzeichen-stier-21-april-20-mai-perlmutt\/","og_locale":"de_DE","og_type":"article","og_title":"Sternzeichen Stier - 21. April bis 20. Mai - Steinzauber\u00ae","og_description":"Sternzeichen Stier - 21. April bis 20. Mai aus Perlmutt. Die im Sternzeichen Stier geborene Menschen sind willensstark. Allerdings sind sie unter ihrer harten Oberfl\u00e4che meist sehr zart. Stiere sind gerne f\u00fcr die sch\u00f6nen und sinnlichen Dingen des Lebens zu haben.","og_url":"https:\/\/steinzauber-online.de\/index.php\/produkt\/sternzeichen-stier-21-april-20-mai-perlmutt\/","og_site_name":"Steinzauber\u00ae","article_publisher":"https:\/\/de-de.facebook.com\/Steinzauber\/","article_modified_time":"2025-05-14T11:59:06+00:00","og_image":[{"width":500,"height":500,"url":"https:\/\/steinzauber-online.de\/wp-content\/uploads\/2019\/12\/Sternzeichen_Stier_SZPMST05.jpg","type":"image\/jpeg"}],"twitter_card":"summary_large_image","schema":{"@context":"https:\/\/schema.org","@graph":[{"@type":"WebPage","@id":"https:\/\/steinzauber-online.de\/index.php\/produkt\/sternzeichen-stier-21-april-20-mai-perlmutt\/","url":"https:\/\/steinzauber-online.de\/index.php\/produkt\/sternzeichen-stier-21-april-20-mai-perlmutt\/","name":"Sternzeichen Stier - 21. April bis 20. Mai - Steinzauber\u00ae","isPartOf":{"@id":"https:\/\/steinzauber-online.de\/#website"},"primaryImageOfPage":{"@id":"https:\/\/steinzauber-online.de\/index.php\/produkt\/sternzeichen-stier-21-april-20-mai-perlmutt\/#primaryimage"},"image":{"@id":"https:\/\/steinzauber-online.de\/index.php\/produkt\/sternzeichen-stier-21-april-20-mai-perlmutt\/#primaryimage"},"thumbnailUrl":"https:\/\/steinzauber-online.de\/wp-content\/uploads\/2019\/12\/Sternzeichen_Stier_SZPMST05.jpg","datePublished":"2019-12-30T17:58:11+00:00","dateModified":"2025-05-14T11:59:06+00:00","description":"Sternzeichen Stier - 21. April bis 20. Mai aus Perlmutt. Die im Sternzeichen Stier geborene Menschen sind willensstark. Allerdings sind sie unter ihrer harten Oberfl\u00e4che meist sehr zart. Stiere sind gerne f\u00fcr die sch\u00f6nen und sinnlichen Dingen des Lebens zu haben.","breadcrumb":{"@id":"https:\/\/steinzauber-online.de\/index.php\/produkt\/sternzeichen-stier-21-april-20-mai-perlmutt\/#breadcrumb"},"inLanguage":"de","potentialAction":[{"@type":"ReadAction","target":["https:\/\/steinzauber-online.de\/index.php\/produkt\/sternzeichen-stier-21-april-20-mai-perlmutt\/"]}]},{"@type":"ImageObject","inLanguage":"de","@id":"https:\/\/steinzauber-online.de\/index.php\/produkt\/sternzeichen-stier-21-april-20-mai-perlmutt\/#primaryimage","url":"https:\/\/steinzauber-online.de\/wp-content\/uploads\/2019\/12\/Sternzeichen_Stier_SZPMST05.jpg","contentUrl":"https:\/\/steinzauber-online.de\/wp-content\/uploads\/2019\/12\/Sternzeichen_Stier_SZPMST05.jpg","width":500,"height":500,"caption":"Sternzeichen Stier - 21. April bis 20. Mai"},{"@type":"BreadcrumbList","@id":"https:\/\/steinzauber-online.de\/index.php\/produkt\/sternzeichen-stier-21-april-20-mai-perlmutt\/#breadcrumb","itemListElement":[{"@type":"ListItem","position":1,"name":"Startseite","item":"https:\/\/steinzauber-online.de\/"},{"@type":"ListItem","position":2,"name":"Shop","item":"https:\/\/steinzauber-online.de\/index.php\/shop\/"},{"@type":"ListItem","position":3,"name":"Sternzeichen Stier &#8211; 21. April bis 20. Mai"}]},{"@type":"WebSite","@id":"https:\/\/steinzauber-online.de\/#website","url":"https:\/\/steinzauber-online.de\/","name":"Steinzauber\u00ae","description":"Schmuck aus edlem Stein","publisher":{"@id":"https:\/\/steinzauber-online.de\/#organization"},"potentialAction":[{"@type":"SearchAction","target":{"@type":"EntryPoint","urlTemplate":"https:\/\/steinzauber-online.de\/?s={search_term_string}"},"query-input":{"@type":"PropertyValueSpecification","valueRequired":true,"valueName":"search_term_string"}}],"inLanguage":"de"},{"@type":"Organization","@id":"https:\/\/steinzauber-online.de\/#organization","name":"Steinzauber","url":"https:\/\/steinzauber-online.de\/","logo":{"@type":"ImageObject","inLanguage":"de","@id":"https:\/\/steinzauber-online.de\/#\/schema\/logo\/image\/","url":"https:\/\/steinzauber-online.de\/wp-content\/uploads\/2021\/02\/Logo_500-262.jpg","contentUrl":"https:\/\/steinzauber-online.de\/wp-content\/uploads\/2021\/02\/Logo_500-262.jpg","width":500,"height":262,"caption":"Steinzauber"},"image":{"@id":"https:\/\/steinzauber-online.de\/#\/schema\/logo\/image\/"},"sameAs":["https:\/\/de-de.facebook.com\/Steinzauber\/","https:\/\/instagram.com\/steinzauber_schmuck?igshid=1fr2q2be784ld"]}]}},"jetpack_sharing_enabled":true,"_links":{"self":[{"href":"https:\/\/steinzauber-online.de\/index.php\/wp-json\/wp\/v2\/product\/5331","targetHints":{"allow":["GET"]}}],"collection":[{"href":"https:\/\/steinzauber-online.de\/index.php\/wp-json\/wp\/v2\/product"}],"about":[{"href":"https:\/\/steinzauber-online.de\/index.php\/wp-json\/wp\/v2\/types\/product"}],"wp:featuredmedia":[{"embeddable":true,"href":"https:\/\/steinzauber-online.de\/index.php\/wp-json\/wp\/v2\/media\/5371"}],"wp:attachment":[{"href":"https:\/\/steinzauber-online.de\/index.php\/wp-json\/wp\/v2\/media?parent=5331"}],"wp:term":[{"taxonomy":"product_brand","embeddable":true,"href":"https:\/\/steinzauber-online.de\/index.php\/wp-json\/wp\/v2\/product_brand?post=5331"},{"taxonomy":"product_cat","embeddable":true,"href":"https:\/\/steinzauber-online.de\/index.php\/wp-json\/wp\/v2\/product_cat?post=5331"},{"taxonomy":"product_tag","embeddable":true,"href":"https:\/\/steinzauber-online.de\/index.php\/wp-json\/wp\/v2\/product_tag?post=5331"}],"curies":[{"name":"wp","href":"https:\/\/api.w.org\/{rel}","templated":true}]}}