{"id":4327,"date":"2019-04-28T13:06:45","date_gmt":"2019-04-28T13:06:45","guid":{"rendered":"https:\/\/h2825234.stratoserver.net\/?post_type=product&#038;p=4327"},"modified":"2025-05-14T13:00:39","modified_gmt":"2025-05-14T12:00:39","slug":"sodalith-splitterkette-45-cm","status":"publish","type":"product","link":"https:\/\/steinzauber-online.de\/index.php\/produkt\/sodalith-splitterkette-45-cm\/","title":{"rendered":"Splitterkette Sodalith 45 cm"},"content":{"rendered":"<div class=\"widgetBoxBottomRound\">\n<div id=\"description\" class=\"cmsContent ui-tabs-panel ui-widget-content ui-corner-bottom\">\n<div class=\"tabbedWidgetBox clear ui-tabs ui-widget ui-widget-content ui-corner-all\">\n<div class=\"widgetBoxBottomRound\">\n<div id=\"description\" class=\"cmsContent ui-tabs-panel ui-widget-content ui-corner-bottom\">\n<p>Splitterkette Sodalith 45 cm. Sehr sch\u00f6ne Splitterkette aus unz\u00e4hligen, jeansblauen Sodalith-Splittern mit einer L\u00e4nge von ca. 45 cm. Bitte fahren Sie mit der Maus \u00fcber das Foto, um eine Vergr\u00f6\u00dferung des Fotos zu erhalten.<br \/>\nDas dazu passende Splitterarmband finden Sie unten im Anschluss.<\/p>\n<\/div>\n<\/div>\n<\/div>\n<\/div>\n<\/div>\n","protected":false},"excerpt":{"rendered":"<p>Splitterkette Sodalith 45 cm. Sehr sch\u00f6ne Splitterkette aus unz\u00e4hligen, jeansblauen Sodalith-Splittern mit einer L\u00e4nge von ca. 45 cm. Bitte fahren Sie mit der Maus \u00fcber das Foto, um eine Vergr\u00f6\u00dferung des Fotos zu erhalten. Das dazu passende Splitterarmband finden Sie unten im Anschluss.<\/p>\n","protected":false},"featured_media":4328,"template":"","meta":[],"product_brand":[],"product_cat":[58],"product_tag":[142,534,530,135,529],"class_list":{"0":"post-4327","1":"product","2":"type-product","3":"status-publish","4":"has-post-thumbnail","6":"product_cat-splitterketten45cm","7":"product_tag-edelsteine","8":"product_tag-edelsteinkette","9":"product_tag-edelsteinsplitterkette","10":"product_tag-sodalith","11":"product_tag-splitterkette","13":"first","14":"instock","15":"taxable","16":"shipping-taxable","17":"purchasable","18":"product-type-simple"},"yoast_head":"<!-- This site is optimized with the Yoast SEO plugin v24.3 - https:\/\/yoast.com\/wordpress\/plugins\/seo\/ -->\n<title>Splitterkette Sodalith 45 cm - Steinzauber\u00ae<\/title>\n<meta name=\"description\" content=\"Splitterkette Sodalith 45 cm. Sehr sch\u00f6ne Splitterkette aus unz\u00e4hligen, jeansblauen Sodalith-Splittern mit einer L\u00e4nge von 45 cm.\" \/>\n<meta name=\"robots\" content=\"index, follow, max-snippet:-1, max-image-preview:large, max-video-preview:-1\" \/>\n<link rel=\"canonical\" href=\"https:\/\/steinzauber-online.de\/index.php\/produkt\/sodalith-splitterkette-45-cm\/\" \/>\n<meta property=\"og:locale\" content=\"de_DE\" \/>\n<meta property=\"og:type\" content=\"article\" \/>\n<meta property=\"og:title\" content=\"Splitterkette Sodalith 45 cm - Steinzauber\u00ae\" \/>\n<meta property=\"og:description\" content=\"Splitterkette Sodalith 45 cm. Sehr sch\u00f6ne Splitterkette aus unz\u00e4hligen, jeansblauen Sodalith-Splittern mit einer L\u00e4nge von 45 cm.\" \/>\n<meta property=\"og:url\" content=\"https:\/\/steinzauber-online.de\/index.php\/produkt\/sodalith-splitterkette-45-cm\/\" \/>\n<meta property=\"og:site_name\" content=\"Steinzauber\u00ae\" \/>\n<meta property=\"article:publisher\" content=\"https:\/\/de-de.facebook.com\/Steinzauber\/\" \/>\n<meta property=\"article:modified_time\" content=\"2025-05-14T12:00:39+00:00\" \/>\n<meta property=\"og:image\" content=\"https:\/\/steinzauber-online.de\/wp-content\/uploads\/2019\/04\/Splitterkette_45cm_Sodalith_KSSO309G.jpg\" \/>\n\t<meta property=\"og:image:width\" content=\"700\" \/>\n\t<meta property=\"og:image:height\" content=\"700\" \/>\n\t<meta property=\"og:image:type\" content=\"image\/jpeg\" \/>\n<meta name=\"twitter:card\" content=\"summary_large_image\" \/>\n<script type=\"application\/ld+json\" class=\"yoast-schema-graph\">{\"@context\":\"https:\/\/schema.org\",\"@graph\":[{\"@type\":\"WebPage\",\"@id\":\"https:\/\/steinzauber-online.de\/index.php\/produkt\/sodalith-splitterkette-45-cm\/\",\"url\":\"https:\/\/steinzauber-online.de\/index.php\/produkt\/sodalith-splitterkette-45-cm\/\",\"name\":\"Splitterkette Sodalith 45 cm - Steinzauber\u00ae\",\"isPartOf\":{\"@id\":\"https:\/\/steinzauber-online.de\/#website\"},\"primaryImageOfPage\":{\"@id\":\"https:\/\/steinzauber-online.de\/index.php\/produkt\/sodalith-splitterkette-45-cm\/#primaryimage\"},\"image\":{\"@id\":\"https:\/\/steinzauber-online.de\/index.php\/produkt\/sodalith-splitterkette-45-cm\/#primaryimage\"},\"thumbnailUrl\":\"https:\/\/steinzauber-online.de\/wp-content\/uploads\/2019\/04\/Splitterkette_45cm_Sodalith_KSSO309G.jpg\",\"datePublished\":\"2019-04-28T13:06:45+00:00\",\"dateModified\":\"2025-05-14T12:00:39+00:00\",\"description\":\"Splitterkette Sodalith 45 cm. Sehr sch\u00f6ne Splitterkette aus unz\u00e4hligen, jeansblauen Sodalith-Splittern mit einer L\u00e4nge von 45 cm.\",\"breadcrumb\":{\"@id\":\"https:\/\/steinzauber-online.de\/index.php\/produkt\/sodalith-splitterkette-45-cm\/#breadcrumb\"},\"inLanguage\":\"de\",\"potentialAction\":[{\"@type\":\"ReadAction\",\"target\":[\"https:\/\/steinzauber-online.de\/index.php\/produkt\/sodalith-splitterkette-45-cm\/\"]}]},{\"@type\":\"ImageObject\",\"inLanguage\":\"de\",\"@id\":\"https:\/\/steinzauber-online.de\/index.php\/produkt\/sodalith-splitterkette-45-cm\/#primaryimage\",\"url\":\"https:\/\/steinzauber-online.de\/wp-content\/uploads\/2019\/04\/Splitterkette_45cm_Sodalith_KSSO309G.jpg\",\"contentUrl\":\"https:\/\/steinzauber-online.de\/wp-content\/uploads\/2019\/04\/Splitterkette_45cm_Sodalith_KSSO309G.jpg\",\"width\":700,\"height\":700,\"caption\":\"Splitterkette ca. 45 cm aus Sodalith\"},{\"@type\":\"BreadcrumbList\",\"@id\":\"https:\/\/steinzauber-online.de\/index.php\/produkt\/sodalith-splitterkette-45-cm\/#breadcrumb\",\"itemListElement\":[{\"@type\":\"ListItem\",\"position\":1,\"name\":\"Startseite\",\"item\":\"https:\/\/steinzauber-online.de\/\"},{\"@type\":\"ListItem\",\"position\":2,\"name\":\"Shop\",\"item\":\"https:\/\/steinzauber-online.de\/index.php\/shop\/\"},{\"@type\":\"ListItem\",\"position\":3,\"name\":\"Splitterkette Sodalith 45 cm\"}]},{\"@type\":\"WebSite\",\"@id\":\"https:\/\/steinzauber-online.de\/#website\",\"url\":\"https:\/\/steinzauber-online.de\/\",\"name\":\"Steinzauber\u00ae\",\"description\":\"Schmuck aus edlem Stein\",\"publisher\":{\"@id\":\"https:\/\/steinzauber-online.de\/#organization\"},\"potentialAction\":[{\"@type\":\"SearchAction\",\"target\":{\"@type\":\"EntryPoint\",\"urlTemplate\":\"https:\/\/steinzauber-online.de\/?s={search_term_string}\"},\"query-input\":{\"@type\":\"PropertyValueSpecification\",\"valueRequired\":true,\"valueName\":\"search_term_string\"}}],\"inLanguage\":\"de\"},{\"@type\":\"Organization\",\"@id\":\"https:\/\/steinzauber-online.de\/#organization\",\"name\":\"Steinzauber\",\"url\":\"https:\/\/steinzauber-online.de\/\",\"logo\":{\"@type\":\"ImageObject\",\"inLanguage\":\"de\",\"@id\":\"https:\/\/steinzauber-online.de\/#\/schema\/logo\/image\/\",\"url\":\"https:\/\/steinzauber-online.de\/wp-content\/uploads\/2021\/02\/Logo_500-262.jpg\",\"contentUrl\":\"https:\/\/steinzauber-online.de\/wp-content\/uploads\/2021\/02\/Logo_500-262.jpg\",\"width\":500,\"height\":262,\"caption\":\"Steinzauber\"},\"image\":{\"@id\":\"https:\/\/steinzauber-online.de\/#\/schema\/logo\/image\/\"},\"sameAs\":[\"https:\/\/de-de.facebook.com\/Steinzauber\/\",\"https:\/\/instagram.com\/steinzauber_schmuck?igshid=1fr2q2be784ld\"]}]}<\/script>\n<!-- \/ Yoast SEO plugin. -->","yoast_head_json":{"title":"Splitterkette Sodalith 45 cm - Steinzauber\u00ae","description":"Splitterkette Sodalith 45 cm. Sehr sch\u00f6ne Splitterkette aus unz\u00e4hligen, jeansblauen Sodalith-Splittern mit einer L\u00e4nge von 45 cm.","robots":{"index":"index","follow":"follow","max-snippet":"max-snippet:-1","max-image-preview":"max-image-preview:large","max-video-preview":"max-video-preview:-1"},"canonical":"https:\/\/steinzauber-online.de\/index.php\/produkt\/sodalith-splitterkette-45-cm\/","og_locale":"de_DE","og_type":"article","og_title":"Splitterkette Sodalith 45 cm - Steinzauber\u00ae","og_description":"Splitterkette Sodalith 45 cm. Sehr sch\u00f6ne Splitterkette aus unz\u00e4hligen, jeansblauen Sodalith-Splittern mit einer L\u00e4nge von 45 cm.","og_url":"https:\/\/steinzauber-online.de\/index.php\/produkt\/sodalith-splitterkette-45-cm\/","og_site_name":"Steinzauber\u00ae","article_publisher":"https:\/\/de-de.facebook.com\/Steinzauber\/","article_modified_time":"2025-05-14T12:00:39+00:00","og_image":[{"width":700,"height":700,"url":"https:\/\/steinzauber-online.de\/wp-content\/uploads\/2019\/04\/Splitterkette_45cm_Sodalith_KSSO309G.jpg","type":"image\/jpeg"}],"twitter_card":"summary_large_image","schema":{"@context":"https:\/\/schema.org","@graph":[{"@type":"WebPage","@id":"https:\/\/steinzauber-online.de\/index.php\/produkt\/sodalith-splitterkette-45-cm\/","url":"https:\/\/steinzauber-online.de\/index.php\/produkt\/sodalith-splitterkette-45-cm\/","name":"Splitterkette Sodalith 45 cm - Steinzauber\u00ae","isPartOf":{"@id":"https:\/\/steinzauber-online.de\/#website"},"primaryImageOfPage":{"@id":"https:\/\/steinzauber-online.de\/index.php\/produkt\/sodalith-splitterkette-45-cm\/#primaryimage"},"image":{"@id":"https:\/\/steinzauber-online.de\/index.php\/produkt\/sodalith-splitterkette-45-cm\/#primaryimage"},"thumbnailUrl":"https:\/\/steinzauber-online.de\/wp-content\/uploads\/2019\/04\/Splitterkette_45cm_Sodalith_KSSO309G.jpg","datePublished":"2019-04-28T13:06:45+00:00","dateModified":"2025-05-14T12:00:39+00:00","description":"Splitterkette Sodalith 45 cm. Sehr sch\u00f6ne Splitterkette aus unz\u00e4hligen, jeansblauen Sodalith-Splittern mit einer L\u00e4nge von 45 cm.","breadcrumb":{"@id":"https:\/\/steinzauber-online.de\/index.php\/produkt\/sodalith-splitterkette-45-cm\/#breadcrumb"},"inLanguage":"de","potentialAction":[{"@type":"ReadAction","target":["https:\/\/steinzauber-online.de\/index.php\/produkt\/sodalith-splitterkette-45-cm\/"]}]},{"@type":"ImageObject","inLanguage":"de","@id":"https:\/\/steinzauber-online.de\/index.php\/produkt\/sodalith-splitterkette-45-cm\/#primaryimage","url":"https:\/\/steinzauber-online.de\/wp-content\/uploads\/2019\/04\/Splitterkette_45cm_Sodalith_KSSO309G.jpg","contentUrl":"https:\/\/steinzauber-online.de\/wp-content\/uploads\/2019\/04\/Splitterkette_45cm_Sodalith_KSSO309G.jpg","width":700,"height":700,"caption":"Splitterkette ca. 45 cm aus Sodalith"},{"@type":"BreadcrumbList","@id":"https:\/\/steinzauber-online.de\/index.php\/produkt\/sodalith-splitterkette-45-cm\/#breadcrumb","itemListElement":[{"@type":"ListItem","position":1,"name":"Startseite","item":"https:\/\/steinzauber-online.de\/"},{"@type":"ListItem","position":2,"name":"Shop","item":"https:\/\/steinzauber-online.de\/index.php\/shop\/"},{"@type":"ListItem","position":3,"name":"Splitterkette Sodalith 45 cm"}]},{"@type":"WebSite","@id":"https:\/\/steinzauber-online.de\/#website","url":"https:\/\/steinzauber-online.de\/","name":"Steinzauber\u00ae","description":"Schmuck aus edlem Stein","publisher":{"@id":"https:\/\/steinzauber-online.de\/#organization"},"potentialAction":[{"@type":"SearchAction","target":{"@type":"EntryPoint","urlTemplate":"https:\/\/steinzauber-online.de\/?s={search_term_string}"},"query-input":{"@type":"PropertyValueSpecification","valueRequired":true,"valueName":"search_term_string"}}],"inLanguage":"de"},{"@type":"Organization","@id":"https:\/\/steinzauber-online.de\/#organization","name":"Steinzauber","url":"https:\/\/steinzauber-online.de\/","logo":{"@type":"ImageObject","inLanguage":"de","@id":"https:\/\/steinzauber-online.de\/#\/schema\/logo\/image\/","url":"https:\/\/steinzauber-online.de\/wp-content\/uploads\/2021\/02\/Logo_500-262.jpg","contentUrl":"https:\/\/steinzauber-online.de\/wp-content\/uploads\/2021\/02\/Logo_500-262.jpg","width":500,"height":262,"caption":"Steinzauber"},"image":{"@id":"https:\/\/steinzauber-online.de\/#\/schema\/logo\/image\/"},"sameAs":["https:\/\/de-de.facebook.com\/Steinzauber\/","https:\/\/instagram.com\/steinzauber_schmuck?igshid=1fr2q2be784ld"]}]}},"jetpack_sharing_enabled":true,"_links":{"self":[{"href":"https:\/\/steinzauber-online.de\/index.php\/wp-json\/wp\/v2\/product\/4327","targetHints":{"allow":["GET"]}}],"collection":[{"href":"https:\/\/steinzauber-online.de\/index.php\/wp-json\/wp\/v2\/product"}],"about":[{"href":"https:\/\/steinzauber-online.de\/index.php\/wp-json\/wp\/v2\/types\/product"}],"wp:featuredmedia":[{"embeddable":true,"href":"https:\/\/steinzauber-online.de\/index.php\/wp-json\/wp\/v2\/media\/4328"}],"wp:attachment":[{"href":"https:\/\/steinzauber-online.de\/index.php\/wp-json\/wp\/v2\/media?parent=4327"}],"wp:term":[{"taxonomy":"product_brand","embeddable":true,"href":"https:\/\/steinzauber-online.de\/index.php\/wp-json\/wp\/v2\/product_brand?post=4327"},{"taxonomy":"product_cat","embeddable":true,"href":"https:\/\/steinzauber-online.de\/index.php\/wp-json\/wp\/v2\/product_cat?post=4327"},{"taxonomy":"product_tag","embeddable":true,"href":"https:\/\/steinzauber-online.de\/index.php\/wp-json\/wp\/v2\/product_tag?post=4327"}],"curies":[{"name":"wp","href":"https:\/\/api.w.org\/{rel}","templated":true}]}}