{"id":4155,"date":"2019-04-27T14:39:25","date_gmt":"2019-04-27T14:39:25","guid":{"rendered":"https:\/\/h2825234.stratoserver.net\/?post_type=product&#038;p=4155"},"modified":"2025-08-03T06:36:57","modified_gmt":"2025-08-03T05:36:57","slug":"splitterarmband-aus-rosenquarz","status":"publish","type":"product","link":"https:\/\/steinzauber-online.de\/index.php\/produkt\/splitterarmband-aus-rosenquarz\/","title":{"rendered":"Splitterarmband aus Rosenquarz"},"content":{"rendered":"<div class=\"widgetBoxBottomRound\">\n<div id=\"description\" class=\"cmsContent ui-tabs-panel ui-widget-content ui-corner-bottom\">Sch\u00f6nes Armband aus Rosenquarzsplittern.<\/div>\n<div><\/div>\n<div class=\"cmsContent ui-tabs-panel ui-widget-content ui-corner-bottom\">Bitte fahren Sie mit der Maus \u00fcber das Foto, um eine Vergr\u00f6\u00dferung des Fotos zu erhalten.<\/div>\n<div><span style=\"color: #3366ff;\">Sie ben\u00f6tigen eine gr\u00f6\u00dfere St\u00fcckzahlen als gerade m\u00f6glich? Kein Problem, fragen Sie uns gerne per Mail oder Telefon an.<\/span><\/div>\n<\/div>\n","protected":false},"excerpt":{"rendered":"<p>Sch\u00f6nes Armband aus Rosenquarzsplittern. Bitte fahren Sie mit der Maus \u00fcber das Foto, um eine Vergr\u00f6\u00dferung des Fotos zu erhalten. Sie ben\u00f6tigen eine gr\u00f6\u00dfere St\u00fcckzahlen als gerade m\u00f6glich? Kein Problem, fragen Sie uns gerne per Mail oder Telefon an.<\/p>\n","protected":false},"featured_media":4156,"template":"","meta":[],"product_brand":[],"product_cat":[514],"product_tag":[201,200,142,104,516],"class_list":{"0":"post-4155","1":"product","2":"type-product","3":"status-publish","4":"has-post-thumbnail","6":"product_cat-splitterarmbaender","7":"product_tag-armband","8":"product_tag-edelsteinarmband","9":"product_tag-edelsteine","10":"product_tag-rosenquarz","11":"product_tag-splitterarmband","13":"first","14":"instock","15":"taxable","16":"shipping-taxable","17":"purchasable","18":"product-type-simple"},"yoast_head":"<!-- This site is optimized with the Yoast SEO plugin v24.3 - https:\/\/yoast.com\/wordpress\/plugins\/seo\/ -->\n<title>Splitterarmband aus Rosenquarz - Steinzauber\u00ae<\/title>\n<meta name=\"robots\" content=\"index, follow, max-snippet:-1, max-image-preview:large, max-video-preview:-1\" \/>\n<link rel=\"canonical\" href=\"https:\/\/steinzauber-online.de\/index.php\/produkt\/splitterarmband-aus-rosenquarz\/\" \/>\n<meta property=\"og:locale\" content=\"de_DE\" \/>\n<meta property=\"og:type\" content=\"article\" \/>\n<meta property=\"og:title\" content=\"Splitterarmband aus Rosenquarz - Steinzauber\u00ae\" \/>\n<meta property=\"og:description\" content=\"Sch\u00f6nes Armband aus Rosenquarzsplittern. Bitte fahren Sie mit der Maus \u00fcber das Foto, um eine Vergr\u00f6\u00dferung des Fotos zu erhalten. Sie ben\u00f6tigen eine gr\u00f6\u00dfere St\u00fcckzahlen als gerade m\u00f6glich? Kein Problem, fragen Sie uns gerne per Mail oder Telefon an.\" \/>\n<meta property=\"og:url\" content=\"https:\/\/steinzauber-online.de\/index.php\/produkt\/splitterarmband-aus-rosenquarz\/\" \/>\n<meta property=\"og:site_name\" content=\"Steinzauber\u00ae\" \/>\n<meta property=\"article:publisher\" content=\"https:\/\/de-de.facebook.com\/Steinzauber\/\" \/>\n<meta property=\"article:modified_time\" content=\"2025-08-03T05:36:57+00:00\" \/>\n<meta property=\"og:image\" content=\"https:\/\/steinzauber-online.de\/wp-content\/uploads\/2019\/04\/Splitterarmband_Rosenquarz_ASRQ575G.jpg\" \/>\n\t<meta property=\"og:image:width\" content=\"700\" \/>\n\t<meta property=\"og:image:height\" content=\"700\" \/>\n\t<meta property=\"og:image:type\" content=\"image\/jpeg\" \/>\n<meta name=\"twitter:card\" content=\"summary_large_image\" \/>\n<meta name=\"twitter:label1\" content=\"Gesch\u00e4tzte Lesezeit\" \/>\n\t<meta name=\"twitter:data1\" content=\"1\u00a0Minute\" \/>\n<script type=\"application\/ld+json\" class=\"yoast-schema-graph\">{\"@context\":\"https:\/\/schema.org\",\"@graph\":[{\"@type\":\"WebPage\",\"@id\":\"https:\/\/steinzauber-online.de\/index.php\/produkt\/splitterarmband-aus-rosenquarz\/\",\"url\":\"https:\/\/steinzauber-online.de\/index.php\/produkt\/splitterarmband-aus-rosenquarz\/\",\"name\":\"Splitterarmband aus Rosenquarz - Steinzauber\u00ae\",\"isPartOf\":{\"@id\":\"https:\/\/steinzauber-online.de\/#website\"},\"primaryImageOfPage\":{\"@id\":\"https:\/\/steinzauber-online.de\/index.php\/produkt\/splitterarmband-aus-rosenquarz\/#primaryimage\"},\"image\":{\"@id\":\"https:\/\/steinzauber-online.de\/index.php\/produkt\/splitterarmband-aus-rosenquarz\/#primaryimage\"},\"thumbnailUrl\":\"https:\/\/steinzauber-online.de\/wp-content\/uploads\/2019\/04\/Splitterarmband_Rosenquarz_ASRQ575G.jpg\",\"datePublished\":\"2019-04-27T14:39:25+00:00\",\"dateModified\":\"2025-08-03T05:36:57+00:00\",\"breadcrumb\":{\"@id\":\"https:\/\/steinzauber-online.de\/index.php\/produkt\/splitterarmband-aus-rosenquarz\/#breadcrumb\"},\"inLanguage\":\"de\",\"potentialAction\":[{\"@type\":\"ReadAction\",\"target\":[\"https:\/\/steinzauber-online.de\/index.php\/produkt\/splitterarmband-aus-rosenquarz\/\"]}]},{\"@type\":\"ImageObject\",\"inLanguage\":\"de\",\"@id\":\"https:\/\/steinzauber-online.de\/index.php\/produkt\/splitterarmband-aus-rosenquarz\/#primaryimage\",\"url\":\"https:\/\/steinzauber-online.de\/wp-content\/uploads\/2019\/04\/Splitterarmband_Rosenquarz_ASRQ575G.jpg\",\"contentUrl\":\"https:\/\/steinzauber-online.de\/wp-content\/uploads\/2019\/04\/Splitterarmband_Rosenquarz_ASRQ575G.jpg\",\"width\":700,\"height\":700,\"caption\":\"Splitterarmband aus Rosenquarz\"},{\"@type\":\"BreadcrumbList\",\"@id\":\"https:\/\/steinzauber-online.de\/index.php\/produkt\/splitterarmband-aus-rosenquarz\/#breadcrumb\",\"itemListElement\":[{\"@type\":\"ListItem\",\"position\":1,\"name\":\"Startseite\",\"item\":\"https:\/\/steinzauber-online.de\/\"},{\"@type\":\"ListItem\",\"position\":2,\"name\":\"Shop\",\"item\":\"https:\/\/steinzauber-online.de\/index.php\/shop\/\"},{\"@type\":\"ListItem\",\"position\":3,\"name\":\"Splitterarmband aus Rosenquarz\"}]},{\"@type\":\"WebSite\",\"@id\":\"https:\/\/steinzauber-online.de\/#website\",\"url\":\"https:\/\/steinzauber-online.de\/\",\"name\":\"Steinzauber\u00ae\",\"description\":\"Schmuck aus edlem Stein\",\"publisher\":{\"@id\":\"https:\/\/steinzauber-online.de\/#organization\"},\"potentialAction\":[{\"@type\":\"SearchAction\",\"target\":{\"@type\":\"EntryPoint\",\"urlTemplate\":\"https:\/\/steinzauber-online.de\/?s={search_term_string}\"},\"query-input\":{\"@type\":\"PropertyValueSpecification\",\"valueRequired\":true,\"valueName\":\"search_term_string\"}}],\"inLanguage\":\"de\"},{\"@type\":\"Organization\",\"@id\":\"https:\/\/steinzauber-online.de\/#organization\",\"name\":\"Steinzauber\",\"url\":\"https:\/\/steinzauber-online.de\/\",\"logo\":{\"@type\":\"ImageObject\",\"inLanguage\":\"de\",\"@id\":\"https:\/\/steinzauber-online.de\/#\/schema\/logo\/image\/\",\"url\":\"https:\/\/steinzauber-online.de\/wp-content\/uploads\/2021\/02\/Logo_500-262.jpg\",\"contentUrl\":\"https:\/\/steinzauber-online.de\/wp-content\/uploads\/2021\/02\/Logo_500-262.jpg\",\"width\":500,\"height\":262,\"caption\":\"Steinzauber\"},\"image\":{\"@id\":\"https:\/\/steinzauber-online.de\/#\/schema\/logo\/image\/\"},\"sameAs\":[\"https:\/\/de-de.facebook.com\/Steinzauber\/\",\"https:\/\/instagram.com\/steinzauber_schmuck?igshid=1fr2q2be784ld\"]}]}<\/script>\n<!-- \/ Yoast SEO plugin. -->","yoast_head_json":{"title":"Splitterarmband aus Rosenquarz - Steinzauber\u00ae","robots":{"index":"index","follow":"follow","max-snippet":"max-snippet:-1","max-image-preview":"max-image-preview:large","max-video-preview":"max-video-preview:-1"},"canonical":"https:\/\/steinzauber-online.de\/index.php\/produkt\/splitterarmband-aus-rosenquarz\/","og_locale":"de_DE","og_type":"article","og_title":"Splitterarmband aus Rosenquarz - Steinzauber\u00ae","og_description":"Sch\u00f6nes Armband aus Rosenquarzsplittern. Bitte fahren Sie mit der Maus \u00fcber das Foto, um eine Vergr\u00f6\u00dferung des Fotos zu erhalten. Sie ben\u00f6tigen eine gr\u00f6\u00dfere St\u00fcckzahlen als gerade m\u00f6glich? Kein Problem, fragen Sie uns gerne per Mail oder Telefon an.","og_url":"https:\/\/steinzauber-online.de\/index.php\/produkt\/splitterarmband-aus-rosenquarz\/","og_site_name":"Steinzauber\u00ae","article_publisher":"https:\/\/de-de.facebook.com\/Steinzauber\/","article_modified_time":"2025-08-03T05:36:57+00:00","og_image":[{"width":700,"height":700,"url":"https:\/\/steinzauber-online.de\/wp-content\/uploads\/2019\/04\/Splitterarmband_Rosenquarz_ASRQ575G.jpg","type":"image\/jpeg"}],"twitter_card":"summary_large_image","twitter_misc":{"Gesch\u00e4tzte Lesezeit":"1\u00a0Minute"},"schema":{"@context":"https:\/\/schema.org","@graph":[{"@type":"WebPage","@id":"https:\/\/steinzauber-online.de\/index.php\/produkt\/splitterarmband-aus-rosenquarz\/","url":"https:\/\/steinzauber-online.de\/index.php\/produkt\/splitterarmband-aus-rosenquarz\/","name":"Splitterarmband aus Rosenquarz - Steinzauber\u00ae","isPartOf":{"@id":"https:\/\/steinzauber-online.de\/#website"},"primaryImageOfPage":{"@id":"https:\/\/steinzauber-online.de\/index.php\/produkt\/splitterarmband-aus-rosenquarz\/#primaryimage"},"image":{"@id":"https:\/\/steinzauber-online.de\/index.php\/produkt\/splitterarmband-aus-rosenquarz\/#primaryimage"},"thumbnailUrl":"https:\/\/steinzauber-online.de\/wp-content\/uploads\/2019\/04\/Splitterarmband_Rosenquarz_ASRQ575G.jpg","datePublished":"2019-04-27T14:39:25+00:00","dateModified":"2025-08-03T05:36:57+00:00","breadcrumb":{"@id":"https:\/\/steinzauber-online.de\/index.php\/produkt\/splitterarmband-aus-rosenquarz\/#breadcrumb"},"inLanguage":"de","potentialAction":[{"@type":"ReadAction","target":["https:\/\/steinzauber-online.de\/index.php\/produkt\/splitterarmband-aus-rosenquarz\/"]}]},{"@type":"ImageObject","inLanguage":"de","@id":"https:\/\/steinzauber-online.de\/index.php\/produkt\/splitterarmband-aus-rosenquarz\/#primaryimage","url":"https:\/\/steinzauber-online.de\/wp-content\/uploads\/2019\/04\/Splitterarmband_Rosenquarz_ASRQ575G.jpg","contentUrl":"https:\/\/steinzauber-online.de\/wp-content\/uploads\/2019\/04\/Splitterarmband_Rosenquarz_ASRQ575G.jpg","width":700,"height":700,"caption":"Splitterarmband aus Rosenquarz"},{"@type":"BreadcrumbList","@id":"https:\/\/steinzauber-online.de\/index.php\/produkt\/splitterarmband-aus-rosenquarz\/#breadcrumb","itemListElement":[{"@type":"ListItem","position":1,"name":"Startseite","item":"https:\/\/steinzauber-online.de\/"},{"@type":"ListItem","position":2,"name":"Shop","item":"https:\/\/steinzauber-online.de\/index.php\/shop\/"},{"@type":"ListItem","position":3,"name":"Splitterarmband aus Rosenquarz"}]},{"@type":"WebSite","@id":"https:\/\/steinzauber-online.de\/#website","url":"https:\/\/steinzauber-online.de\/","name":"Steinzauber\u00ae","description":"Schmuck aus edlem Stein","publisher":{"@id":"https:\/\/steinzauber-online.de\/#organization"},"potentialAction":[{"@type":"SearchAction","target":{"@type":"EntryPoint","urlTemplate":"https:\/\/steinzauber-online.de\/?s={search_term_string}"},"query-input":{"@type":"PropertyValueSpecification","valueRequired":true,"valueName":"search_term_string"}}],"inLanguage":"de"},{"@type":"Organization","@id":"https:\/\/steinzauber-online.de\/#organization","name":"Steinzauber","url":"https:\/\/steinzauber-online.de\/","logo":{"@type":"ImageObject","inLanguage":"de","@id":"https:\/\/steinzauber-online.de\/#\/schema\/logo\/image\/","url":"https:\/\/steinzauber-online.de\/wp-content\/uploads\/2021\/02\/Logo_500-262.jpg","contentUrl":"https:\/\/steinzauber-online.de\/wp-content\/uploads\/2021\/02\/Logo_500-262.jpg","width":500,"height":262,"caption":"Steinzauber"},"image":{"@id":"https:\/\/steinzauber-online.de\/#\/schema\/logo\/image\/"},"sameAs":["https:\/\/de-de.facebook.com\/Steinzauber\/","https:\/\/instagram.com\/steinzauber_schmuck?igshid=1fr2q2be784ld"]}]}},"jetpack_sharing_enabled":true,"_links":{"self":[{"href":"https:\/\/steinzauber-online.de\/index.php\/wp-json\/wp\/v2\/product\/4155","targetHints":{"allow":["GET"]}}],"collection":[{"href":"https:\/\/steinzauber-online.de\/index.php\/wp-json\/wp\/v2\/product"}],"about":[{"href":"https:\/\/steinzauber-online.de\/index.php\/wp-json\/wp\/v2\/types\/product"}],"wp:featuredmedia":[{"embeddable":true,"href":"https:\/\/steinzauber-online.de\/index.php\/wp-json\/wp\/v2\/media\/4156"}],"wp:attachment":[{"href":"https:\/\/steinzauber-online.de\/index.php\/wp-json\/wp\/v2\/media?parent=4155"}],"wp:term":[{"taxonomy":"product_brand","embeddable":true,"href":"https:\/\/steinzauber-online.de\/index.php\/wp-json\/wp\/v2\/product_brand?post=4155"},{"taxonomy":"product_cat","embeddable":true,"href":"https:\/\/steinzauber-online.de\/index.php\/wp-json\/wp\/v2\/product_cat?post=4155"},{"taxonomy":"product_tag","embeddable":true,"href":"https:\/\/steinzauber-online.de\/index.php\/wp-json\/wp\/v2\/product_tag?post=4155"}],"curies":[{"name":"wp","href":"https:\/\/api.w.org\/{rel}","templated":true}]}}