{"id":2960,"date":"2019-02-03T17:57:55","date_gmt":"2019-02-03T16:57:55","guid":{"rendered":"https:\/\/dev.steinzauber-online.de\/?post_type=product&#038;p=2960"},"modified":"2025-05-14T13:50:27","modified_gmt":"2025-05-14T12:50:27","slug":"collier-colors-of-the-rainbow","status":"publish","type":"product","link":"https:\/\/steinzauber-online.de\/index.php\/produkt\/collier-colors-of-the-rainbow\/","title":{"rendered":"Collier &#8218;Colors of the Rainbow&#8216;"},"content":{"rendered":"<p>&#8218;Colors of the Rainbow&#8216; ist ein exclusives Collier aus Onyx, Fluorit, Amethyst, Jaspis, Koralle, Bergkristall und Sodalith, kombiniert mit W\u00fcrfeln aus 925er Sterlingsilber. Die Gr\u00f6\u00dfe der W\u00fcrfel betr\u00e4gt ca. 6 x 6 mm.<\/p>\n<p>Das etwa 45 cm lange Collier besitzt einen praktischen Magnetverschluss mit zus\u00e4tzlicher Sicherheitsverschraubung.<\/p>\n<p>Es tr\u00e4gt nat\u00fcrlich auch unser Steinzauber-Label, das Markenzeichen unserer Exclusivketten.<\/p>\n<p>Bitte fahren Sie mit der Maus \u00fcber das Foto, um eine Vergr\u00f6\u00dferung des Fotos zu erhalten.<\/p>\n<p>Wichtige Information!<br \/>\nAn der Ware befindet sich ein Siegel, welches nicht entfert werden darf, falls Sie Umtausch oder R\u00fcckgabe in Betracht ziehen. ENTSIEGELTE WARE WIRD NICHT ZUR\u00dcCKGENOMMEN.<\/p>\n","protected":false},"excerpt":{"rendered":"<p>Wichtige Information!<br \/>\nAn der Ware befindet sich ein Siegel, welches nicht entfert werden darf, falls Sie Umtausch oder R\u00fcckgabe in Betracht ziehen. ENTSIEGELTE WARE WIRD NICHT ZUR\u00dcCKGENOMMEN.<\/p>\n","protected":false},"featured_media":2961,"template":"","meta":[],"product_brand":[],"product_cat":[77],"product_tag":[114,54,85,269,84,89,234,270,87,230,135,30],"class_list":{"0":"post-2960","1":"product","2":"type-product","3":"status-publish","4":"has-post-thumbnail","6":"product_cat-exklusives-design","7":"product_tag-amethyst","8":"product_tag-bergkristall","9":"product_tag-collier","10":"product_tag-collier-colors-of-the-rainbow","11":"product_tag-exclusiv","12":"product_tag-fluorit","13":"product_tag-jaspis","14":"product_tag-koralle","15":"product_tag-magnetverschluss","16":"product_tag-onyx","17":"product_tag-sodalith","18":"product_tag-sterlingsilber","20":"first","21":"instock","22":"sold-individually","23":"taxable","24":"shipping-taxable","25":"purchasable","26":"product-type-simple"},"yoast_head":"<!-- This site is optimized with the Yoast SEO plugin v24.3 - https:\/\/yoast.com\/wordpress\/plugins\/seo\/ -->\n<title>Collier &#039;Colors of the Rainbow&#039; - Steinzauber\u00ae<\/title>\n<meta name=\"robots\" content=\"index, follow, max-snippet:-1, max-image-preview:large, max-video-preview:-1\" \/>\n<link rel=\"canonical\" href=\"https:\/\/steinzauber-online.de\/index.php\/produkt\/collier-colors-of-the-rainbow\/\" \/>\n<meta property=\"og:locale\" content=\"de_DE\" \/>\n<meta property=\"og:type\" content=\"article\" \/>\n<meta property=\"og:title\" content=\"Collier &#039;Colors of the Rainbow&#039; - Steinzauber\u00ae\" \/>\n<meta property=\"og:description\" content=\"Wichtige Information! An der Ware befindet sich ein Siegel, welches nicht entfert werden darf, falls Sie Umtausch oder R\u00fcckgabe in Betracht ziehen. ENTSIEGELTE WARE WIRD NICHT ZUR\u00dcCKGENOMMEN.\" \/>\n<meta property=\"og:url\" content=\"https:\/\/steinzauber-online.de\/index.php\/produkt\/collier-colors-of-the-rainbow\/\" \/>\n<meta property=\"og:site_name\" content=\"Steinzauber\u00ae\" \/>\n<meta property=\"article:publisher\" content=\"https:\/\/de-de.facebook.com\/Steinzauber\/\" \/>\n<meta property=\"article:modified_time\" content=\"2025-05-14T12:50:27+00:00\" \/>\n<meta property=\"og:image\" content=\"https:\/\/steinzauber-online.de\/wp-content\/uploads\/2019\/02\/kewk752.jpg\" \/>\n\t<meta property=\"og:image:width\" content=\"799\" \/>\n\t<meta property=\"og:image:height\" content=\"800\" \/>\n\t<meta property=\"og:image:type\" content=\"image\/jpeg\" \/>\n<meta name=\"twitter:card\" content=\"summary_large_image\" \/>\n<meta name=\"twitter:label1\" content=\"Gesch\u00e4tzte Lesezeit\" \/>\n\t<meta name=\"twitter:data1\" content=\"1\u00a0Minute\" \/>\n<script type=\"application\/ld+json\" class=\"yoast-schema-graph\">{\"@context\":\"https:\/\/schema.org\",\"@graph\":[{\"@type\":\"WebPage\",\"@id\":\"https:\/\/steinzauber-online.de\/index.php\/produkt\/collier-colors-of-the-rainbow\/\",\"url\":\"https:\/\/steinzauber-online.de\/index.php\/produkt\/collier-colors-of-the-rainbow\/\",\"name\":\"Collier 'Colors of the Rainbow' - Steinzauber\u00ae\",\"isPartOf\":{\"@id\":\"https:\/\/steinzauber-online.de\/#website\"},\"primaryImageOfPage\":{\"@id\":\"https:\/\/steinzauber-online.de\/index.php\/produkt\/collier-colors-of-the-rainbow\/#primaryimage\"},\"image\":{\"@id\":\"https:\/\/steinzauber-online.de\/index.php\/produkt\/collier-colors-of-the-rainbow\/#primaryimage\"},\"thumbnailUrl\":\"https:\/\/steinzauber-online.de\/wp-content\/uploads\/2019\/02\/kewk752.jpg\",\"datePublished\":\"2019-02-03T16:57:55+00:00\",\"dateModified\":\"2025-05-14T12:50:27+00:00\",\"breadcrumb\":{\"@id\":\"https:\/\/steinzauber-online.de\/index.php\/produkt\/collier-colors-of-the-rainbow\/#breadcrumb\"},\"inLanguage\":\"de\",\"potentialAction\":[{\"@type\":\"ReadAction\",\"target\":[\"https:\/\/steinzauber-online.de\/index.php\/produkt\/collier-colors-of-the-rainbow\/\"]}]},{\"@type\":\"ImageObject\",\"inLanguage\":\"de\",\"@id\":\"https:\/\/steinzauber-online.de\/index.php\/produkt\/collier-colors-of-the-rainbow\/#primaryimage\",\"url\":\"https:\/\/steinzauber-online.de\/wp-content\/uploads\/2019\/02\/kewk752.jpg\",\"contentUrl\":\"https:\/\/steinzauber-online.de\/wp-content\/uploads\/2019\/02\/kewk752.jpg\",\"width\":799,\"height\":800,\"caption\":\"Collier 'Colors of the Rainbow'\"},{\"@type\":\"BreadcrumbList\",\"@id\":\"https:\/\/steinzauber-online.de\/index.php\/produkt\/collier-colors-of-the-rainbow\/#breadcrumb\",\"itemListElement\":[{\"@type\":\"ListItem\",\"position\":1,\"name\":\"Startseite\",\"item\":\"https:\/\/steinzauber-online.de\/\"},{\"@type\":\"ListItem\",\"position\":2,\"name\":\"Shop\",\"item\":\"https:\/\/steinzauber-online.de\/index.php\/shop\/\"},{\"@type\":\"ListItem\",\"position\":3,\"name\":\"Collier &#8218;Colors of the Rainbow&#8216;\"}]},{\"@type\":\"WebSite\",\"@id\":\"https:\/\/steinzauber-online.de\/#website\",\"url\":\"https:\/\/steinzauber-online.de\/\",\"name\":\"Steinzauber\u00ae\",\"description\":\"Schmuck aus edlem Stein\",\"publisher\":{\"@id\":\"https:\/\/steinzauber-online.de\/#organization\"},\"potentialAction\":[{\"@type\":\"SearchAction\",\"target\":{\"@type\":\"EntryPoint\",\"urlTemplate\":\"https:\/\/steinzauber-online.de\/?s={search_term_string}\"},\"query-input\":{\"@type\":\"PropertyValueSpecification\",\"valueRequired\":true,\"valueName\":\"search_term_string\"}}],\"inLanguage\":\"de\"},{\"@type\":\"Organization\",\"@id\":\"https:\/\/steinzauber-online.de\/#organization\",\"name\":\"Steinzauber\",\"url\":\"https:\/\/steinzauber-online.de\/\",\"logo\":{\"@type\":\"ImageObject\",\"inLanguage\":\"de\",\"@id\":\"https:\/\/steinzauber-online.de\/#\/schema\/logo\/image\/\",\"url\":\"https:\/\/steinzauber-online.de\/wp-content\/uploads\/2021\/02\/Logo_500-262.jpg\",\"contentUrl\":\"https:\/\/steinzauber-online.de\/wp-content\/uploads\/2021\/02\/Logo_500-262.jpg\",\"width\":500,\"height\":262,\"caption\":\"Steinzauber\"},\"image\":{\"@id\":\"https:\/\/steinzauber-online.de\/#\/schema\/logo\/image\/\"},\"sameAs\":[\"https:\/\/de-de.facebook.com\/Steinzauber\/\",\"https:\/\/instagram.com\/steinzauber_schmuck?igshid=1fr2q2be784ld\"]}]}<\/script>\n<!-- \/ Yoast SEO plugin. -->","yoast_head_json":{"title":"Collier 'Colors of the Rainbow' - Steinzauber\u00ae","robots":{"index":"index","follow":"follow","max-snippet":"max-snippet:-1","max-image-preview":"max-image-preview:large","max-video-preview":"max-video-preview:-1"},"canonical":"https:\/\/steinzauber-online.de\/index.php\/produkt\/collier-colors-of-the-rainbow\/","og_locale":"de_DE","og_type":"article","og_title":"Collier 'Colors of the Rainbow' - Steinzauber\u00ae","og_description":"Wichtige Information! An der Ware befindet sich ein Siegel, welches nicht entfert werden darf, falls Sie Umtausch oder R\u00fcckgabe in Betracht ziehen. ENTSIEGELTE WARE WIRD NICHT ZUR\u00dcCKGENOMMEN.","og_url":"https:\/\/steinzauber-online.de\/index.php\/produkt\/collier-colors-of-the-rainbow\/","og_site_name":"Steinzauber\u00ae","article_publisher":"https:\/\/de-de.facebook.com\/Steinzauber\/","article_modified_time":"2025-05-14T12:50:27+00:00","og_image":[{"width":799,"height":800,"url":"https:\/\/steinzauber-online.de\/wp-content\/uploads\/2019\/02\/kewk752.jpg","type":"image\/jpeg"}],"twitter_card":"summary_large_image","twitter_misc":{"Gesch\u00e4tzte Lesezeit":"1\u00a0Minute"},"schema":{"@context":"https:\/\/schema.org","@graph":[{"@type":"WebPage","@id":"https:\/\/steinzauber-online.de\/index.php\/produkt\/collier-colors-of-the-rainbow\/","url":"https:\/\/steinzauber-online.de\/index.php\/produkt\/collier-colors-of-the-rainbow\/","name":"Collier 'Colors of the Rainbow' - Steinzauber\u00ae","isPartOf":{"@id":"https:\/\/steinzauber-online.de\/#website"},"primaryImageOfPage":{"@id":"https:\/\/steinzauber-online.de\/index.php\/produkt\/collier-colors-of-the-rainbow\/#primaryimage"},"image":{"@id":"https:\/\/steinzauber-online.de\/index.php\/produkt\/collier-colors-of-the-rainbow\/#primaryimage"},"thumbnailUrl":"https:\/\/steinzauber-online.de\/wp-content\/uploads\/2019\/02\/kewk752.jpg","datePublished":"2019-02-03T16:57:55+00:00","dateModified":"2025-05-14T12:50:27+00:00","breadcrumb":{"@id":"https:\/\/steinzauber-online.de\/index.php\/produkt\/collier-colors-of-the-rainbow\/#breadcrumb"},"inLanguage":"de","potentialAction":[{"@type":"ReadAction","target":["https:\/\/steinzauber-online.de\/index.php\/produkt\/collier-colors-of-the-rainbow\/"]}]},{"@type":"ImageObject","inLanguage":"de","@id":"https:\/\/steinzauber-online.de\/index.php\/produkt\/collier-colors-of-the-rainbow\/#primaryimage","url":"https:\/\/steinzauber-online.de\/wp-content\/uploads\/2019\/02\/kewk752.jpg","contentUrl":"https:\/\/steinzauber-online.de\/wp-content\/uploads\/2019\/02\/kewk752.jpg","width":799,"height":800,"caption":"Collier 'Colors of the Rainbow'"},{"@type":"BreadcrumbList","@id":"https:\/\/steinzauber-online.de\/index.php\/produkt\/collier-colors-of-the-rainbow\/#breadcrumb","itemListElement":[{"@type":"ListItem","position":1,"name":"Startseite","item":"https:\/\/steinzauber-online.de\/"},{"@type":"ListItem","position":2,"name":"Shop","item":"https:\/\/steinzauber-online.de\/index.php\/shop\/"},{"@type":"ListItem","position":3,"name":"Collier &#8218;Colors of the Rainbow&#8216;"}]},{"@type":"WebSite","@id":"https:\/\/steinzauber-online.de\/#website","url":"https:\/\/steinzauber-online.de\/","name":"Steinzauber\u00ae","description":"Schmuck aus edlem Stein","publisher":{"@id":"https:\/\/steinzauber-online.de\/#organization"},"potentialAction":[{"@type":"SearchAction","target":{"@type":"EntryPoint","urlTemplate":"https:\/\/steinzauber-online.de\/?s={search_term_string}"},"query-input":{"@type":"PropertyValueSpecification","valueRequired":true,"valueName":"search_term_string"}}],"inLanguage":"de"},{"@type":"Organization","@id":"https:\/\/steinzauber-online.de\/#organization","name":"Steinzauber","url":"https:\/\/steinzauber-online.de\/","logo":{"@type":"ImageObject","inLanguage":"de","@id":"https:\/\/steinzauber-online.de\/#\/schema\/logo\/image\/","url":"https:\/\/steinzauber-online.de\/wp-content\/uploads\/2021\/02\/Logo_500-262.jpg","contentUrl":"https:\/\/steinzauber-online.de\/wp-content\/uploads\/2021\/02\/Logo_500-262.jpg","width":500,"height":262,"caption":"Steinzauber"},"image":{"@id":"https:\/\/steinzauber-online.de\/#\/schema\/logo\/image\/"},"sameAs":["https:\/\/de-de.facebook.com\/Steinzauber\/","https:\/\/instagram.com\/steinzauber_schmuck?igshid=1fr2q2be784ld"]}]}},"jetpack_sharing_enabled":true,"_links":{"self":[{"href":"https:\/\/steinzauber-online.de\/index.php\/wp-json\/wp\/v2\/product\/2960","targetHints":{"allow":["GET"]}}],"collection":[{"href":"https:\/\/steinzauber-online.de\/index.php\/wp-json\/wp\/v2\/product"}],"about":[{"href":"https:\/\/steinzauber-online.de\/index.php\/wp-json\/wp\/v2\/types\/product"}],"wp:featuredmedia":[{"embeddable":true,"href":"https:\/\/steinzauber-online.de\/index.php\/wp-json\/wp\/v2\/media\/2961"}],"wp:attachment":[{"href":"https:\/\/steinzauber-online.de\/index.php\/wp-json\/wp\/v2\/media?parent=2960"}],"wp:term":[{"taxonomy":"product_brand","embeddable":true,"href":"https:\/\/steinzauber-online.de\/index.php\/wp-json\/wp\/v2\/product_brand?post=2960"},{"taxonomy":"product_cat","embeddable":true,"href":"https:\/\/steinzauber-online.de\/index.php\/wp-json\/wp\/v2\/product_cat?post=2960"},{"taxonomy":"product_tag","embeddable":true,"href":"https:\/\/steinzauber-online.de\/index.php\/wp-json\/wp\/v2\/product_tag?post=2960"}],"curies":[{"name":"wp","href":"https:\/\/api.w.org\/{rel}","templated":true}]}}