{"id":21159,"date":"2024-01-19T18:37:26","date_gmt":"2024-01-19T17:37:26","guid":{"rendered":"https:\/\/steinzauber-online.de\/?post_type=product&#038;p=21159"},"modified":"2025-05-14T12:30:58","modified_gmt":"2025-05-14T11:30:58","slug":"ohrringe-mondstein-silber-paar-4","status":"publish","type":"product","link":"https:\/\/steinzauber-online.de\/index.php\/produkt\/ohrringe-mondstein-silber-paar-4\/","title":{"rendered":"Ohrringe Mondstein Silber \/ Paar"},"content":{"rendered":"<div class=\"widgetBoxBottomRound\">\n<div id=\"description\" class=\"cmsContent ui-tabs-panel ui-widget-content ui-corner-bottom\">\n<div class=\"widgetBoxBottomRound\">\n<div id=\"description\" class=\"cmsContent ui-tabs-panel ui-widget-content ui-corner-bottom\">\n<div id=\"productShortdesc\" class=\"shortDescription description\">\n<p>Extravagante, facettierte Mondstein Ohrringe aus 925 Sterling Silber. Durch den perfekten Facettenschliff bricht sich das Licht besonders gut und verst\u00e4rkt somit das magische blaue Schimmern der Steine. Das Design dieser Ohrringe ist besonders elegant und dennoch schlicht gehalten, es passt sehr gut zu Langen aber auch zu kurz getragenem Haar.<br \/>\nOb zu einem sportlichen Outfit oder zu festlicher Garderobe, diese Ohrringe passen zu jeder Kleidung und jedem Anlass.<br \/>\nDieser wundersch\u00f6ne Schmuck eignet sich hervorragend um sich selbst etwas sch\u00f6nes zu g\u00f6nnen, oder als Geschenk f\u00fcr einen besonderen Menschen, Schmuck macht einfach gl\u00fccklich.<\/p>\n<p>Durch die verschiedenen Monitore kann es zu unterschiedlichen Farbdarstellungen kommen, ferner ist das Schimmern von Mondstein und Labradorit Steinen jeweils ganz individuell- das macht genau Ihren magischen Charakter aus!<\/p>\n<p>\u2605 Das Ma\u00dfe:<br \/>\n\u2713 Edelsteingr\u00f6\u00dfe incl. Fassung: Durchmesser oberer Stein ca. 7 mm, Gr\u00f6\u00dfe des ovalen Steins ca. 10x 7 mm<\/p>\n<p>\u2605 Das Material:<br \/>\n\u2713 925 Sterlingsilber<br \/>\n\u2713 facettierter, echter Mondstein<\/p>\n<p>\u2605 Herstellung:<br \/>\n\u2713 Jedes Schmuckst\u00fcck wird traditionell mit h\u00f6chster Pr\u00e4zession bis ins kleinste Detail von Hand gefertigt.<br \/>\n\u2713 Bei allen Edelsteinen handelt es sich um Steine h\u00f6chster Qualit\u00e4t aus fairem Handel.<br \/>\n\u2713 Alle Schmuckst\u00fccke sind mit einem Anlaufschutz versehen, allerdings liegt es in der Natur, dass mit der Zeit doch eine gewisse Oxydation sichtbar wird.<br \/>\n\u2713\u00a0Alle Schmuckst\u00fccke werden mit Liebe hergestellt und wir freuen uns sehr \u00fcber R\u00fcckmeldungen und zufriedene Kunden. Wir sind erst dann gl\u00fccklich wenn es uns gelungen ist, euch (oder die von euch Beschenkten) gl\u00fccklich zu machen.<\/p>\n<p>\u2605 Lieferung:<br \/>\n\u2713 Dieses Schmuckst\u00fcck liefern wir euch sorgf\u00e4ltig und liebevoll verpackt.<\/p>\n<p>\u2605 Service:<br \/>\n\u2713 Unser Service endet nicht mit dem Verkauf, unsere Manufaktur bietet Ihnen auch eine professionelle Schmuckreinigung der bei uns gekauften Schmuckst\u00fccke an. Dazu bitten wir vorab um Kontaktaufnahme.<br \/>\n\u2713 Auf Wunsch verpacken wir Ihre Bestellung auch als Geschenk, der wir auch gerne eine pers\u00f6nliche Nachricht von Ihnen zuf\u00fcgen.<br \/>\n\u2713\u00a0Unser Service endet nicht mit dem Verkauf, unsere Manufaktur bietet Ihnen auch eine professionelle Schmuckreinigung der bei uns gekauften Schmuckst\u00fccke an. Dazu bitten wir vorab um Kontaktaufnahme.<\/p>\n<p>Eure Petra von Steinzauber<\/p>\n<\/div>\n<\/div>\n<\/div>\n<\/div>\n<\/div>\n","protected":false},"excerpt":{"rendered":"<p>Extravagante, facettierte Mondstein Ohrringe aus 925 Sterling Silber. Durch den perfekten Facettenschliff bricht sich das Licht besonders gut und verst\u00e4rkt somit das magische blaue Schimmern der Steine. Das Design dieser Ohrringe ist besonders elegant und dennoch schlicht gehalten, es passt sehr gut zu Langen aber auch zu kurz getragenem Haar. Ob zu einem sportlichen Outfit [&#8230;]<\/p>\n","protected":false},"featured_media":21160,"template":"","meta":[],"product_brand":[],"product_cat":[517,603],"product_tag":[1766,1883,61,1804,1805,1806,1870,1880,1882,325,1800,1801,1879,1881,203,303,30],"class_list":{"0":"post-21159","1":"product","2":"type-product","3":"status-publish","4":"has-post-thumbnail","6":"product_cat-ohrhaenger-mit-silber-und-stein","7":"product_cat-neue-artikel-bei-steinzauber","8":"product_tag-cabochon","9":"product_tag-cabochon-ohrringe","10":"product_tag-facettiert","11":"product_tag-geschenk-frau","12":"product_tag-geschenk-freundin","13":"product_tag-geschenk-valentinstag","14":"product_tag-gold-ohrringe","15":"product_tag-mondstein-ohrringe","16":"product_tag-mondstein-silber","17":"product_tag-ohrhaenger","18":"product_tag-ohrringe-facettierte-steine","19":"product_tag-ohrringe-haengend-aus-silber","20":"product_tag-ohrringe-mondstein-silber","21":"product_tag-ohrstecker-mondstein","22":"product_tag-silber","23":"product_tag-silberohrringe","24":"product_tag-sterlingsilber","26":"first","27":"instock","28":"taxable","29":"shipping-taxable","30":"purchasable","31":"product-type-simple"},"yoast_head":"<!-- This site is optimized with the Yoast SEO plugin v24.3 - https:\/\/yoast.com\/wordpress\/plugins\/seo\/ -->\n<title>Ohrringe Mondstein Silber \/ Paar - Steinzauber\u00ae<\/title>\n<meta name=\"description\" content=\"Wundersch\u00f6ne Ohrringe mit facettiertem Mondstein in Silber. Jedes Schmuckst\u00fcck wird traditionell bis ins kleinste Detail von Hand gefertigt.\" \/>\n<meta name=\"robots\" content=\"index, follow, max-snippet:-1, max-image-preview:large, max-video-preview:-1\" \/>\n<link rel=\"canonical\" href=\"https:\/\/steinzauber-online.de\/index.php\/produkt\/ohrringe-mondstein-silber-paar-4\/\" \/>\n<meta property=\"og:locale\" content=\"de_DE\" \/>\n<meta property=\"og:type\" content=\"article\" \/>\n<meta property=\"og:title\" content=\"Ohrringe Mondstein Silber \/ Paar - Steinzauber\u00ae\" \/>\n<meta property=\"og:description\" content=\"Wundersch\u00f6ne Ohrringe mit facettiertem Mondstein in Silber. Jedes Schmuckst\u00fcck wird traditionell bis ins kleinste Detail von Hand gefertigt.\" \/>\n<meta property=\"og:url\" content=\"https:\/\/steinzauber-online.de\/index.php\/produkt\/ohrringe-mondstein-silber-paar-4\/\" \/>\n<meta property=\"og:site_name\" content=\"Steinzauber\u00ae\" \/>\n<meta property=\"article:publisher\" content=\"https:\/\/de-de.facebook.com\/Steinzauber\/\" \/>\n<meta property=\"article:modified_time\" content=\"2025-05-14T11:30:58+00:00\" \/>\n<meta property=\"og:image\" content=\"https:\/\/steinzauber-online.de\/wp-content\/uploads\/2024\/01\/ohrring-mondstein-silber-01-8-scaled.jpg\" \/>\n\t<meta property=\"og:image:width\" content=\"2560\" \/>\n\t<meta property=\"og:image:height\" content=\"1923\" \/>\n\t<meta property=\"og:image:type\" content=\"image\/jpeg\" \/>\n<meta name=\"twitter:card\" content=\"summary_large_image\" \/>\n<meta name=\"twitter:label1\" content=\"Gesch\u00e4tzte Lesezeit\" \/>\n\t<meta name=\"twitter:data1\" content=\"3\u00a0Minuten\" \/>\n<script type=\"application\/ld+json\" class=\"yoast-schema-graph\">{\"@context\":\"https:\/\/schema.org\",\"@graph\":[{\"@type\":\"WebPage\",\"@id\":\"https:\/\/steinzauber-online.de\/index.php\/produkt\/ohrringe-mondstein-silber-paar-4\/\",\"url\":\"https:\/\/steinzauber-online.de\/index.php\/produkt\/ohrringe-mondstein-silber-paar-4\/\",\"name\":\"Ohrringe Mondstein Silber \/ Paar - Steinzauber\u00ae\",\"isPartOf\":{\"@id\":\"https:\/\/steinzauber-online.de\/#website\"},\"primaryImageOfPage\":{\"@id\":\"https:\/\/steinzauber-online.de\/index.php\/produkt\/ohrringe-mondstein-silber-paar-4\/#primaryimage\"},\"image\":{\"@id\":\"https:\/\/steinzauber-online.de\/index.php\/produkt\/ohrringe-mondstein-silber-paar-4\/#primaryimage\"},\"thumbnailUrl\":\"https:\/\/steinzauber-online.de\/wp-content\/uploads\/2024\/01\/ohrring-mondstein-silber-01-8-scaled.jpg\",\"datePublished\":\"2024-01-19T17:37:26+00:00\",\"dateModified\":\"2025-05-14T11:30:58+00:00\",\"description\":\"Wundersch\u00f6ne Ohrringe mit facettiertem Mondstein in Silber. Jedes Schmuckst\u00fcck wird traditionell bis ins kleinste Detail von Hand gefertigt.\",\"breadcrumb\":{\"@id\":\"https:\/\/steinzauber-online.de\/index.php\/produkt\/ohrringe-mondstein-silber-paar-4\/#breadcrumb\"},\"inLanguage\":\"de\",\"potentialAction\":[{\"@type\":\"ReadAction\",\"target\":[\"https:\/\/steinzauber-online.de\/index.php\/produkt\/ohrringe-mondstein-silber-paar-4\/\"]}]},{\"@type\":\"ImageObject\",\"inLanguage\":\"de\",\"@id\":\"https:\/\/steinzauber-online.de\/index.php\/produkt\/ohrringe-mondstein-silber-paar-4\/#primaryimage\",\"url\":\"https:\/\/steinzauber-online.de\/wp-content\/uploads\/2024\/01\/ohrring-mondstein-silber-01-8-scaled.jpg\",\"contentUrl\":\"https:\/\/steinzauber-online.de\/wp-content\/uploads\/2024\/01\/ohrring-mondstein-silber-01-8-scaled.jpg\",\"width\":2560,\"height\":1923,\"caption\":\"Ohrringe Mondstein 925 Silber\"},{\"@type\":\"BreadcrumbList\",\"@id\":\"https:\/\/steinzauber-online.de\/index.php\/produkt\/ohrringe-mondstein-silber-paar-4\/#breadcrumb\",\"itemListElement\":[{\"@type\":\"ListItem\",\"position\":1,\"name\":\"Startseite\",\"item\":\"https:\/\/steinzauber-online.de\/\"},{\"@type\":\"ListItem\",\"position\":2,\"name\":\"Shop\",\"item\":\"https:\/\/steinzauber-online.de\/index.php\/shop\/\"},{\"@type\":\"ListItem\",\"position\":3,\"name\":\"Ohrringe Mondstein Silber \/ Paar\"}]},{\"@type\":\"WebSite\",\"@id\":\"https:\/\/steinzauber-online.de\/#website\",\"url\":\"https:\/\/steinzauber-online.de\/\",\"name\":\"Steinzauber\u00ae\",\"description\":\"Schmuck aus edlem Stein\",\"publisher\":{\"@id\":\"https:\/\/steinzauber-online.de\/#organization\"},\"potentialAction\":[{\"@type\":\"SearchAction\",\"target\":{\"@type\":\"EntryPoint\",\"urlTemplate\":\"https:\/\/steinzauber-online.de\/?s={search_term_string}\"},\"query-input\":{\"@type\":\"PropertyValueSpecification\",\"valueRequired\":true,\"valueName\":\"search_term_string\"}}],\"inLanguage\":\"de\"},{\"@type\":\"Organization\",\"@id\":\"https:\/\/steinzauber-online.de\/#organization\",\"name\":\"Steinzauber\",\"url\":\"https:\/\/steinzauber-online.de\/\",\"logo\":{\"@type\":\"ImageObject\",\"inLanguage\":\"de\",\"@id\":\"https:\/\/steinzauber-online.de\/#\/schema\/logo\/image\/\",\"url\":\"https:\/\/steinzauber-online.de\/wp-content\/uploads\/2021\/02\/Logo_500-262.jpg\",\"contentUrl\":\"https:\/\/steinzauber-online.de\/wp-content\/uploads\/2021\/02\/Logo_500-262.jpg\",\"width\":500,\"height\":262,\"caption\":\"Steinzauber\"},\"image\":{\"@id\":\"https:\/\/steinzauber-online.de\/#\/schema\/logo\/image\/\"},\"sameAs\":[\"https:\/\/de-de.facebook.com\/Steinzauber\/\",\"https:\/\/instagram.com\/steinzauber_schmuck?igshid=1fr2q2be784ld\"]}]}<\/script>\n<!-- \/ Yoast SEO plugin. -->","yoast_head_json":{"title":"Ohrringe Mondstein Silber \/ Paar - Steinzauber\u00ae","description":"Wundersch\u00f6ne Ohrringe mit facettiertem Mondstein in Silber. Jedes Schmuckst\u00fcck wird traditionell bis ins kleinste Detail von Hand gefertigt.","robots":{"index":"index","follow":"follow","max-snippet":"max-snippet:-1","max-image-preview":"max-image-preview:large","max-video-preview":"max-video-preview:-1"},"canonical":"https:\/\/steinzauber-online.de\/index.php\/produkt\/ohrringe-mondstein-silber-paar-4\/","og_locale":"de_DE","og_type":"article","og_title":"Ohrringe Mondstein Silber \/ Paar - Steinzauber\u00ae","og_description":"Wundersch\u00f6ne Ohrringe mit facettiertem Mondstein in Silber. Jedes Schmuckst\u00fcck wird traditionell bis ins kleinste Detail von Hand gefertigt.","og_url":"https:\/\/steinzauber-online.de\/index.php\/produkt\/ohrringe-mondstein-silber-paar-4\/","og_site_name":"Steinzauber\u00ae","article_publisher":"https:\/\/de-de.facebook.com\/Steinzauber\/","article_modified_time":"2025-05-14T11:30:58+00:00","og_image":[{"width":2560,"height":1923,"url":"https:\/\/steinzauber-online.de\/wp-content\/uploads\/2024\/01\/ohrring-mondstein-silber-01-8-scaled.jpg","type":"image\/jpeg"}],"twitter_card":"summary_large_image","twitter_misc":{"Gesch\u00e4tzte Lesezeit":"3\u00a0Minuten"},"schema":{"@context":"https:\/\/schema.org","@graph":[{"@type":"WebPage","@id":"https:\/\/steinzauber-online.de\/index.php\/produkt\/ohrringe-mondstein-silber-paar-4\/","url":"https:\/\/steinzauber-online.de\/index.php\/produkt\/ohrringe-mondstein-silber-paar-4\/","name":"Ohrringe Mondstein Silber \/ Paar - Steinzauber\u00ae","isPartOf":{"@id":"https:\/\/steinzauber-online.de\/#website"},"primaryImageOfPage":{"@id":"https:\/\/steinzauber-online.de\/index.php\/produkt\/ohrringe-mondstein-silber-paar-4\/#primaryimage"},"image":{"@id":"https:\/\/steinzauber-online.de\/index.php\/produkt\/ohrringe-mondstein-silber-paar-4\/#primaryimage"},"thumbnailUrl":"https:\/\/steinzauber-online.de\/wp-content\/uploads\/2024\/01\/ohrring-mondstein-silber-01-8-scaled.jpg","datePublished":"2024-01-19T17:37:26+00:00","dateModified":"2025-05-14T11:30:58+00:00","description":"Wundersch\u00f6ne Ohrringe mit facettiertem Mondstein in Silber. Jedes Schmuckst\u00fcck wird traditionell bis ins kleinste Detail von Hand gefertigt.","breadcrumb":{"@id":"https:\/\/steinzauber-online.de\/index.php\/produkt\/ohrringe-mondstein-silber-paar-4\/#breadcrumb"},"inLanguage":"de","potentialAction":[{"@type":"ReadAction","target":["https:\/\/steinzauber-online.de\/index.php\/produkt\/ohrringe-mondstein-silber-paar-4\/"]}]},{"@type":"ImageObject","inLanguage":"de","@id":"https:\/\/steinzauber-online.de\/index.php\/produkt\/ohrringe-mondstein-silber-paar-4\/#primaryimage","url":"https:\/\/steinzauber-online.de\/wp-content\/uploads\/2024\/01\/ohrring-mondstein-silber-01-8-scaled.jpg","contentUrl":"https:\/\/steinzauber-online.de\/wp-content\/uploads\/2024\/01\/ohrring-mondstein-silber-01-8-scaled.jpg","width":2560,"height":1923,"caption":"Ohrringe Mondstein 925 Silber"},{"@type":"BreadcrumbList","@id":"https:\/\/steinzauber-online.de\/index.php\/produkt\/ohrringe-mondstein-silber-paar-4\/#breadcrumb","itemListElement":[{"@type":"ListItem","position":1,"name":"Startseite","item":"https:\/\/steinzauber-online.de\/"},{"@type":"ListItem","position":2,"name":"Shop","item":"https:\/\/steinzauber-online.de\/index.php\/shop\/"},{"@type":"ListItem","position":3,"name":"Ohrringe Mondstein Silber \/ Paar"}]},{"@type":"WebSite","@id":"https:\/\/steinzauber-online.de\/#website","url":"https:\/\/steinzauber-online.de\/","name":"Steinzauber\u00ae","description":"Schmuck aus edlem Stein","publisher":{"@id":"https:\/\/steinzauber-online.de\/#organization"},"potentialAction":[{"@type":"SearchAction","target":{"@type":"EntryPoint","urlTemplate":"https:\/\/steinzauber-online.de\/?s={search_term_string}"},"query-input":{"@type":"PropertyValueSpecification","valueRequired":true,"valueName":"search_term_string"}}],"inLanguage":"de"},{"@type":"Organization","@id":"https:\/\/steinzauber-online.de\/#organization","name":"Steinzauber","url":"https:\/\/steinzauber-online.de\/","logo":{"@type":"ImageObject","inLanguage":"de","@id":"https:\/\/steinzauber-online.de\/#\/schema\/logo\/image\/","url":"https:\/\/steinzauber-online.de\/wp-content\/uploads\/2021\/02\/Logo_500-262.jpg","contentUrl":"https:\/\/steinzauber-online.de\/wp-content\/uploads\/2021\/02\/Logo_500-262.jpg","width":500,"height":262,"caption":"Steinzauber"},"image":{"@id":"https:\/\/steinzauber-online.de\/#\/schema\/logo\/image\/"},"sameAs":["https:\/\/de-de.facebook.com\/Steinzauber\/","https:\/\/instagram.com\/steinzauber_schmuck?igshid=1fr2q2be784ld"]}]}},"jetpack_sharing_enabled":true,"_links":{"self":[{"href":"https:\/\/steinzauber-online.de\/index.php\/wp-json\/wp\/v2\/product\/21159","targetHints":{"allow":["GET"]}}],"collection":[{"href":"https:\/\/steinzauber-online.de\/index.php\/wp-json\/wp\/v2\/product"}],"about":[{"href":"https:\/\/steinzauber-online.de\/index.php\/wp-json\/wp\/v2\/types\/product"}],"wp:featuredmedia":[{"embeddable":true,"href":"https:\/\/steinzauber-online.de\/index.php\/wp-json\/wp\/v2\/media\/21160"}],"wp:attachment":[{"href":"https:\/\/steinzauber-online.de\/index.php\/wp-json\/wp\/v2\/media?parent=21159"}],"wp:term":[{"taxonomy":"product_brand","embeddable":true,"href":"https:\/\/steinzauber-online.de\/index.php\/wp-json\/wp\/v2\/product_brand?post=21159"},{"taxonomy":"product_cat","embeddable":true,"href":"https:\/\/steinzauber-online.de\/index.php\/wp-json\/wp\/v2\/product_cat?post=21159"},{"taxonomy":"product_tag","embeddable":true,"href":"https:\/\/steinzauber-online.de\/index.php\/wp-json\/wp\/v2\/product_tag?post=21159"}],"curies":[{"name":"wp","href":"https:\/\/api.w.org\/{rel}","templated":true}]}}