{"id":19758,"date":"2023-11-17T17:41:08","date_gmt":"2023-11-17T16:41:08","guid":{"rendered":"https:\/\/steinzauber-online.de\/?post_type=product&#038;p=19758"},"modified":"2025-05-14T12:33:50","modified_gmt":"2025-05-14T11:33:50","slug":"ring-echter-labradorit-facettiert-925-sterlingsilber-4","status":"publish","type":"product","link":"https:\/\/steinzauber-online.de\/index.php\/produkt\/ring-echter-labradorit-facettiert-925-sterlingsilber-4\/","title":{"rendered":"Ring echter Labradorit 925 Sterlingsilber Cabochon"},"content":{"rendered":"<p>Zierlicher Ring aus 925 Sterling Silber mit echtem Labradorit. Dieser Ring besitzt eine ganz besonders fantasievolle Ringschiene. In Form einer Meerjungfrauen Flosse sitzt auf dem oberen Ende der Labradorit in einer Krappenfassung diese wurden zudem als kleine Korallen\u00e4ste gearbeitet. Die Ringschiene ist offen und somit l\u00e4sst sich die Gr\u00f6\u00dfe des Ringes etwas anpassen, dies ist sehr praktisch, wenn die Finger z.B. auf Grund gro\u00dfer Hitze im Sommer anschwellen. Der Labradorit wurde in Cabochon Form geschliffen und in Hochglanz gefasst.<br \/>\nDer Labradorit hat je nach Lichteinfall ein feines geheimnisvolles blaugr\u00fcnes Schimmern.<br \/>\nEin besonders zarter feiner Ring der garantiert die Blicke auf sich ziehen wird.<\/p>\n<p>\u2605 Edelsteingr\u00f6\u00dfe<br \/>\n\u2713 incl. Fassung (die direkt den Stein h\u00e4lt) ca. 6 mm Durchmesser<\/p>\n<p>\u2605 Material:<br \/>\n\u2713 925 Sterling Silber<br \/>\n\u2713 echter Labradorit<\/p>\n<p>\u2605 Herstellung:<br \/>\n\u2713 Jedes Schmuckst\u00fcck wird traditionell mit h\u00f6chster Pr\u00e4zession bis ins kleinste Detail von Hand gefertigt.<\/p>\n<p>\u2713 Bei allen Edelsteinen handelt es sich um Steine h\u00f6chster Qualit\u00e4t aus fairem Handel, denn es liegt uns besonders am Herzen, dass der Handel f\u00fcr alle Beteiligten eine win-win Situation ist, und das Wohl von Mensch und Natur geachtet werden. Da es sich bei Steinen um ein Naturprodukt handelt sind alle Steine unterschiedlich, eben echte Unikate der Natur.<\/p>\n<p>\u2713 Alle Schmuckst\u00fccke sind mit einem Anlaufschutz versehen, allerdings liegt es in der Natur, dass mit der Zeit doch eine gewisse Oxydation sichtbar wird.<\/p>\n<p>\u2713 Alle Schmuckst\u00fccke werden mit Liebe hergestellt und wir freuen uns sehr \u00fcber R\u00fcckmeldungen und zufriedene Kunden. Wir sind erst dann gl\u00fccklich wenn es uns gelungen ist, dich (oder die von dir beschenkten) gl\u00fccklich zu machen.<\/p>\n<p>\u2605 Versand:<br \/>\n\u2713 Dieses Schmuckst\u00fcck liefern wir euch innerhalb Deutschlands kostenfrei, sorgf\u00e4ltig und liebevoll verpackt.<\/p>\n<p>\u2713 Wir versenden auf schnellstem Weg, mit versichertem Versand und Sendeverfolgung.<\/p>\n<p>\u2605 Service:<br \/>\n\u2713 Auf Wunsch verpacken wir deine Bestellung auch als Geschenk, der wir auch gerne eine pers\u00f6nliche Nachricht von dir hinzuf\u00fcgen.<\/p>\n<p>\u2713 Unser Service endet nicht mit dem Verkauf, unsere Manufaktur bietet Ihnen auch eine professionelle Schmuckreinigung der bei uns gekauften Schmuckst\u00fccke an. Dazu bitten wir vorab um Kontaktaufnahme.<\/p>\n<p>Eure Petra von Steinzauber<\/p>\n","protected":false},"excerpt":{"rendered":"<p>Zierlicher Ring aus 925 Sterling Silber mit echtem Labradorit. Dieser Ring besitzt eine ganz besonders fantasievolle Ringschiene. In Form einer Meerjungfrauen Flosse sitzt auf dem oberen Ende der Labradorit in einer Krappenfassung diese wurden zudem als kleine Korallen\u00e4ste gearbeitet. Die Ringschiene ist offen und somit l\u00e4sst sich die Gr\u00f6\u00dfe des Ringes etwas anpassen, dies ist [&#8230;]<\/p>\n","protected":false},"featured_media":19770,"template":"","meta":[],"product_brand":[],"product_cat":[730,603],"product_tag":[1128,916,1785,1787,374,1790,1788,1786,1789,731,1212],"class_list":{"0":"post-19758","1":"product","2":"type-product","3":"status-publish","4":"has-post-thumbnail","6":"product_cat-silber-mit-stein","7":"product_cat-neue-artikel-bei-steinzauber","8":"product_tag-925-sterling-silber","9":"product_tag-geschenk","10":"product_tag-geschenk-frau-freundin","11":"product_tag-geschenk-weihnachten","12":"product_tag-labradorit","13":"product_tag-labradorit-ring-silber","14":"product_tag-muttertag","15":"product_tag-ring-edelstein-silber","16":"product_tag-ring-labradorit","17":"product_tag-silberring","18":"product_tag-statement-ring","20":"first","21":"instock","22":"taxable","23":"shipping-taxable","24":"purchasable","25":"product-type-variable"},"yoast_head":"<!-- This site is optimized with the Yoast SEO plugin v24.3 - https:\/\/yoast.com\/wordpress\/plugins\/seo\/ -->\n<title>Ring echter Labradorit 925 Sterlingsilber Cabochon - Steinzauber\u00ae<\/title>\n<meta name=\"description\" content=\"Ring echter Labradorit 925 Sterlingsilber Cabochon\" \/>\n<meta name=\"robots\" content=\"index, follow, max-snippet:-1, max-image-preview:large, max-video-preview:-1\" \/>\n<link rel=\"canonical\" href=\"https:\/\/steinzauber-online.de\/index.php\/produkt\/ring-echter-labradorit-facettiert-925-sterlingsilber-4\/\" \/>\n<meta property=\"og:locale\" content=\"de_DE\" \/>\n<meta property=\"og:type\" content=\"article\" \/>\n<meta property=\"og:title\" content=\"Ring echter Labradorit 925 Sterlingsilber Cabochon - Steinzauber\u00ae\" \/>\n<meta property=\"og:description\" content=\"Ring echter Labradorit 925 Sterlingsilber Cabochon\" \/>\n<meta property=\"og:url\" content=\"https:\/\/steinzauber-online.de\/index.php\/produkt\/ring-echter-labradorit-facettiert-925-sterlingsilber-4\/\" \/>\n<meta property=\"og:site_name\" content=\"Steinzauber\u00ae\" \/>\n<meta property=\"article:publisher\" content=\"https:\/\/de-de.facebook.com\/Steinzauber\/\" \/>\n<meta property=\"article:modified_time\" content=\"2025-05-14T11:33:50+00:00\" \/>\n<meta property=\"og:image\" content=\"https:\/\/steinzauber-online.de\/wp-content\/uploads\/2023\/11\/ring-labradorit-silber-01-3.jpg\" \/>\n\t<meta property=\"og:image:width\" content=\"1983\" \/>\n\t<meta property=\"og:image:height\" content=\"1507\" \/>\n\t<meta property=\"og:image:type\" content=\"image\/jpeg\" \/>\n<meta name=\"twitter:card\" content=\"summary_large_image\" \/>\n<meta name=\"twitter:label1\" content=\"Gesch\u00e4tzte Lesezeit\" \/>\n\t<meta name=\"twitter:data1\" content=\"3\u00a0Minuten\" \/>\n<script type=\"application\/ld+json\" class=\"yoast-schema-graph\">{\"@context\":\"https:\/\/schema.org\",\"@graph\":[{\"@type\":\"WebPage\",\"@id\":\"https:\/\/steinzauber-online.de\/index.php\/produkt\/ring-echter-labradorit-facettiert-925-sterlingsilber-4\/\",\"url\":\"https:\/\/steinzauber-online.de\/index.php\/produkt\/ring-echter-labradorit-facettiert-925-sterlingsilber-4\/\",\"name\":\"Ring echter Labradorit 925 Sterlingsilber Cabochon - Steinzauber\u00ae\",\"isPartOf\":{\"@id\":\"https:\/\/steinzauber-online.de\/#website\"},\"primaryImageOfPage\":{\"@id\":\"https:\/\/steinzauber-online.de\/index.php\/produkt\/ring-echter-labradorit-facettiert-925-sterlingsilber-4\/#primaryimage\"},\"image\":{\"@id\":\"https:\/\/steinzauber-online.de\/index.php\/produkt\/ring-echter-labradorit-facettiert-925-sterlingsilber-4\/#primaryimage\"},\"thumbnailUrl\":\"https:\/\/steinzauber-online.de\/wp-content\/uploads\/2023\/11\/ring-labradorit-silber-01-3.jpg\",\"datePublished\":\"2023-11-17T16:41:08+00:00\",\"dateModified\":\"2025-05-14T11:33:50+00:00\",\"description\":\"Ring echter Labradorit 925 Sterlingsilber Cabochon\",\"breadcrumb\":{\"@id\":\"https:\/\/steinzauber-online.de\/index.php\/produkt\/ring-echter-labradorit-facettiert-925-sterlingsilber-4\/#breadcrumb\"},\"inLanguage\":\"de\",\"potentialAction\":[{\"@type\":\"ReadAction\",\"target\":[\"https:\/\/steinzauber-online.de\/index.php\/produkt\/ring-echter-labradorit-facettiert-925-sterlingsilber-4\/\"]}]},{\"@type\":\"ImageObject\",\"inLanguage\":\"de\",\"@id\":\"https:\/\/steinzauber-online.de\/index.php\/produkt\/ring-echter-labradorit-facettiert-925-sterlingsilber-4\/#primaryimage\",\"url\":\"https:\/\/steinzauber-online.de\/wp-content\/uploads\/2023\/11\/ring-labradorit-silber-01-3.jpg\",\"contentUrl\":\"https:\/\/steinzauber-online.de\/wp-content\/uploads\/2023\/11\/ring-labradorit-silber-01-3.jpg\",\"width\":1983,\"height\":1507,\"caption\":\"Ring Labradorit facettiert Sterlingsilber\"},{\"@type\":\"BreadcrumbList\",\"@id\":\"https:\/\/steinzauber-online.de\/index.php\/produkt\/ring-echter-labradorit-facettiert-925-sterlingsilber-4\/#breadcrumb\",\"itemListElement\":[{\"@type\":\"ListItem\",\"position\":1,\"name\":\"Startseite\",\"item\":\"https:\/\/steinzauber-online.de\/\"},{\"@type\":\"ListItem\",\"position\":2,\"name\":\"Shop\",\"item\":\"https:\/\/steinzauber-online.de\/index.php\/shop\/\"},{\"@type\":\"ListItem\",\"position\":3,\"name\":\"Ring echter Labradorit 925 Sterlingsilber Cabochon\"}]},{\"@type\":\"WebSite\",\"@id\":\"https:\/\/steinzauber-online.de\/#website\",\"url\":\"https:\/\/steinzauber-online.de\/\",\"name\":\"Steinzauber\u00ae\",\"description\":\"Schmuck aus edlem Stein\",\"publisher\":{\"@id\":\"https:\/\/steinzauber-online.de\/#organization\"},\"potentialAction\":[{\"@type\":\"SearchAction\",\"target\":{\"@type\":\"EntryPoint\",\"urlTemplate\":\"https:\/\/steinzauber-online.de\/?s={search_term_string}\"},\"query-input\":{\"@type\":\"PropertyValueSpecification\",\"valueRequired\":true,\"valueName\":\"search_term_string\"}}],\"inLanguage\":\"de\"},{\"@type\":\"Organization\",\"@id\":\"https:\/\/steinzauber-online.de\/#organization\",\"name\":\"Steinzauber\",\"url\":\"https:\/\/steinzauber-online.de\/\",\"logo\":{\"@type\":\"ImageObject\",\"inLanguage\":\"de\",\"@id\":\"https:\/\/steinzauber-online.de\/#\/schema\/logo\/image\/\",\"url\":\"https:\/\/steinzauber-online.de\/wp-content\/uploads\/2021\/02\/Logo_500-262.jpg\",\"contentUrl\":\"https:\/\/steinzauber-online.de\/wp-content\/uploads\/2021\/02\/Logo_500-262.jpg\",\"width\":500,\"height\":262,\"caption\":\"Steinzauber\"},\"image\":{\"@id\":\"https:\/\/steinzauber-online.de\/#\/schema\/logo\/image\/\"},\"sameAs\":[\"https:\/\/de-de.facebook.com\/Steinzauber\/\",\"https:\/\/instagram.com\/steinzauber_schmuck?igshid=1fr2q2be784ld\"]}]}<\/script>\n<!-- \/ Yoast SEO plugin. -->","yoast_head_json":{"title":"Ring echter Labradorit 925 Sterlingsilber Cabochon - Steinzauber\u00ae","description":"Ring echter Labradorit 925 Sterlingsilber Cabochon","robots":{"index":"index","follow":"follow","max-snippet":"max-snippet:-1","max-image-preview":"max-image-preview:large","max-video-preview":"max-video-preview:-1"},"canonical":"https:\/\/steinzauber-online.de\/index.php\/produkt\/ring-echter-labradorit-facettiert-925-sterlingsilber-4\/","og_locale":"de_DE","og_type":"article","og_title":"Ring echter Labradorit 925 Sterlingsilber Cabochon - Steinzauber\u00ae","og_description":"Ring echter Labradorit 925 Sterlingsilber Cabochon","og_url":"https:\/\/steinzauber-online.de\/index.php\/produkt\/ring-echter-labradorit-facettiert-925-sterlingsilber-4\/","og_site_name":"Steinzauber\u00ae","article_publisher":"https:\/\/de-de.facebook.com\/Steinzauber\/","article_modified_time":"2025-05-14T11:33:50+00:00","og_image":[{"width":1983,"height":1507,"url":"https:\/\/steinzauber-online.de\/wp-content\/uploads\/2023\/11\/ring-labradorit-silber-01-3.jpg","type":"image\/jpeg"}],"twitter_card":"summary_large_image","twitter_misc":{"Gesch\u00e4tzte Lesezeit":"3\u00a0Minuten"},"schema":{"@context":"https:\/\/schema.org","@graph":[{"@type":"WebPage","@id":"https:\/\/steinzauber-online.de\/index.php\/produkt\/ring-echter-labradorit-facettiert-925-sterlingsilber-4\/","url":"https:\/\/steinzauber-online.de\/index.php\/produkt\/ring-echter-labradorit-facettiert-925-sterlingsilber-4\/","name":"Ring echter Labradorit 925 Sterlingsilber Cabochon - Steinzauber\u00ae","isPartOf":{"@id":"https:\/\/steinzauber-online.de\/#website"},"primaryImageOfPage":{"@id":"https:\/\/steinzauber-online.de\/index.php\/produkt\/ring-echter-labradorit-facettiert-925-sterlingsilber-4\/#primaryimage"},"image":{"@id":"https:\/\/steinzauber-online.de\/index.php\/produkt\/ring-echter-labradorit-facettiert-925-sterlingsilber-4\/#primaryimage"},"thumbnailUrl":"https:\/\/steinzauber-online.de\/wp-content\/uploads\/2023\/11\/ring-labradorit-silber-01-3.jpg","datePublished":"2023-11-17T16:41:08+00:00","dateModified":"2025-05-14T11:33:50+00:00","description":"Ring echter Labradorit 925 Sterlingsilber Cabochon","breadcrumb":{"@id":"https:\/\/steinzauber-online.de\/index.php\/produkt\/ring-echter-labradorit-facettiert-925-sterlingsilber-4\/#breadcrumb"},"inLanguage":"de","potentialAction":[{"@type":"ReadAction","target":["https:\/\/steinzauber-online.de\/index.php\/produkt\/ring-echter-labradorit-facettiert-925-sterlingsilber-4\/"]}]},{"@type":"ImageObject","inLanguage":"de","@id":"https:\/\/steinzauber-online.de\/index.php\/produkt\/ring-echter-labradorit-facettiert-925-sterlingsilber-4\/#primaryimage","url":"https:\/\/steinzauber-online.de\/wp-content\/uploads\/2023\/11\/ring-labradorit-silber-01-3.jpg","contentUrl":"https:\/\/steinzauber-online.de\/wp-content\/uploads\/2023\/11\/ring-labradorit-silber-01-3.jpg","width":1983,"height":1507,"caption":"Ring Labradorit facettiert Sterlingsilber"},{"@type":"BreadcrumbList","@id":"https:\/\/steinzauber-online.de\/index.php\/produkt\/ring-echter-labradorit-facettiert-925-sterlingsilber-4\/#breadcrumb","itemListElement":[{"@type":"ListItem","position":1,"name":"Startseite","item":"https:\/\/steinzauber-online.de\/"},{"@type":"ListItem","position":2,"name":"Shop","item":"https:\/\/steinzauber-online.de\/index.php\/shop\/"},{"@type":"ListItem","position":3,"name":"Ring echter Labradorit 925 Sterlingsilber Cabochon"}]},{"@type":"WebSite","@id":"https:\/\/steinzauber-online.de\/#website","url":"https:\/\/steinzauber-online.de\/","name":"Steinzauber\u00ae","description":"Schmuck aus edlem Stein","publisher":{"@id":"https:\/\/steinzauber-online.de\/#organization"},"potentialAction":[{"@type":"SearchAction","target":{"@type":"EntryPoint","urlTemplate":"https:\/\/steinzauber-online.de\/?s={search_term_string}"},"query-input":{"@type":"PropertyValueSpecification","valueRequired":true,"valueName":"search_term_string"}}],"inLanguage":"de"},{"@type":"Organization","@id":"https:\/\/steinzauber-online.de\/#organization","name":"Steinzauber","url":"https:\/\/steinzauber-online.de\/","logo":{"@type":"ImageObject","inLanguage":"de","@id":"https:\/\/steinzauber-online.de\/#\/schema\/logo\/image\/","url":"https:\/\/steinzauber-online.de\/wp-content\/uploads\/2021\/02\/Logo_500-262.jpg","contentUrl":"https:\/\/steinzauber-online.de\/wp-content\/uploads\/2021\/02\/Logo_500-262.jpg","width":500,"height":262,"caption":"Steinzauber"},"image":{"@id":"https:\/\/steinzauber-online.de\/#\/schema\/logo\/image\/"},"sameAs":["https:\/\/de-de.facebook.com\/Steinzauber\/","https:\/\/instagram.com\/steinzauber_schmuck?igshid=1fr2q2be784ld"]}]}},"jetpack_sharing_enabled":true,"_links":{"self":[{"href":"https:\/\/steinzauber-online.de\/index.php\/wp-json\/wp\/v2\/product\/19758","targetHints":{"allow":["GET"]}}],"collection":[{"href":"https:\/\/steinzauber-online.de\/index.php\/wp-json\/wp\/v2\/product"}],"about":[{"href":"https:\/\/steinzauber-online.de\/index.php\/wp-json\/wp\/v2\/types\/product"}],"wp:featuredmedia":[{"embeddable":true,"href":"https:\/\/steinzauber-online.de\/index.php\/wp-json\/wp\/v2\/media\/19770"}],"wp:attachment":[{"href":"https:\/\/steinzauber-online.de\/index.php\/wp-json\/wp\/v2\/media?parent=19758"}],"wp:term":[{"taxonomy":"product_brand","embeddable":true,"href":"https:\/\/steinzauber-online.de\/index.php\/wp-json\/wp\/v2\/product_brand?post=19758"},{"taxonomy":"product_cat","embeddable":true,"href":"https:\/\/steinzauber-online.de\/index.php\/wp-json\/wp\/v2\/product_cat?post=19758"},{"taxonomy":"product_tag","embeddable":true,"href":"https:\/\/steinzauber-online.de\/index.php\/wp-json\/wp\/v2\/product_tag?post=19758"}],"curies":[{"name":"wp","href":"https:\/\/api.w.org\/{rel}","templated":true}]}}