{"id":10376,"date":"2021-03-21T12:20:05","date_gmt":"2021-03-21T11:20:05","guid":{"rendered":"https:\/\/steinzauber-online.de\/?post_type=product&#038;p=10376"},"modified":"2025-12-24T18:38:37","modified_gmt":"2025-12-24T17:38:37","slug":"elastischer-ring-aus-facettiertem-haematit-2","status":"publish","type":"product","link":"https:\/\/steinzauber-online.de\/index.php\/produkt\/elastischer-ring-aus-facettiertem-haematit-2\/","title":{"rendered":"Elastischer Ring aus facettiertem H\u00e4matit"},"content":{"rendered":"<p>Wundersch\u00f6ner, filigraner, elastischer Ring aus echten facettiertem H\u00e4matit.<br \/>\nDiesen Ring k\u00f6nnen Sie sowohl als Solit\u00e4rring, als auch in Kombination mit anderen Ringen als Stapelring tragen. Er hat einen ganz wunderbaren Tragekomfort. Er gibt ein wenig nach, so dass Sie ihn auch gut an verschiedenen Fingern tragen k\u00f6nnen.<br \/>\nDen Ring fertige ich erst nach der Bestellung f\u00fcr Sie in der von Ihnen gew\u00fcnschten Gr\u00f6\u00dfe an, bis zum Versand ben\u00f6tige ich 2 \u2013 3 Tage.<\/p>\n","protected":false},"excerpt":{"rendered":"<p>Wundersch\u00f6ner, filigraner, elastischer Ring aus echten facettiertem H\u00e4matit. Diesen Ring k\u00f6nnen Sie sowohl als Solit\u00e4rring, als auch in Kombination mit anderen Ringen als Stapelring tragen. Er hat einen ganz wunderbaren Tragekomfort. Er gibt ein wenig nach, so dass Sie ihn auch gut an verschiedenen Fingern tragen k\u00f6nnen. Den Ring fertige ich erst nach der Bestellung [&#8230;]<\/p>\n","protected":false},"featured_media":10418,"template":"","meta":[],"product_brand":[],"product_cat":[603],"product_tag":[98,1126,1104,1110,630,1112,1114,1102],"class_list":{"0":"post-10376","1":"product","2":"type-product","3":"status-publish","4":"has-post-thumbnail","6":"product_cat-neue-artikel-bei-steinzauber","7":"product_tag-haematit","8":"product_tag-haematit-ring","9":"product_tag-perlenring","10":"product_tag-perlenring-elastisch","11":"product_tag-ring","12":"product_tag-ring-edelstein","13":"product_tag-stapelring","14":"product_tag-steinring","16":"first","17":"instock","18":"taxable","19":"shipping-taxable","20":"purchasable","21":"product-type-variable"},"yoast_head":"<!-- This site is optimized with the Yoast SEO plugin v24.3 - https:\/\/yoast.com\/wordpress\/plugins\/seo\/ -->\n<title>Elastischer Ring aus facettiertem H\u00e4matit - Steinzauber\u00ae<\/title>\n<meta name=\"description\" content=\"Elastischer Ring aus facettiertem H\u00e4matit. Er kann als Solit\u00e4rring oder als Stapelring getragen werden.\" \/>\n<meta name=\"robots\" content=\"index, follow, max-snippet:-1, max-image-preview:large, max-video-preview:-1\" \/>\n<link rel=\"canonical\" href=\"https:\/\/steinzauber-online.de\/index.php\/produkt\/elastischer-ring-aus-facettiertem-haematit-2\/\" \/>\n<meta property=\"og:locale\" content=\"de_DE\" \/>\n<meta property=\"og:type\" content=\"article\" \/>\n<meta property=\"og:title\" content=\"Elastischer Ring aus facettiertem H\u00e4matit - Steinzauber\u00ae\" \/>\n<meta property=\"og:description\" content=\"Elastischer Ring aus facettiertem H\u00e4matit. Er kann als Solit\u00e4rring oder als Stapelring getragen werden.\" \/>\n<meta property=\"og:url\" content=\"https:\/\/steinzauber-online.de\/index.php\/produkt\/elastischer-ring-aus-facettiertem-haematit-2\/\" \/>\n<meta property=\"og:site_name\" content=\"Steinzauber\u00ae\" \/>\n<meta property=\"article:publisher\" content=\"https:\/\/de-de.facebook.com\/Steinzauber\/\" \/>\n<meta property=\"article:modified_time\" content=\"2025-12-24T17:38:37+00:00\" \/>\n<meta property=\"og:image\" content=\"https:\/\/steinzauber-online.de\/wp-content\/uploads\/2021\/03\/edelstein-perlenring-haematit-PRHA914a-scaled.jpg\" \/>\n\t<meta property=\"og:image:width\" content=\"2560\" \/>\n\t<meta property=\"og:image:height\" content=\"1922\" \/>\n\t<meta property=\"og:image:type\" content=\"image\/jpeg\" \/>\n<meta name=\"twitter:card\" content=\"summary_large_image\" \/>\n<meta name=\"twitter:label1\" content=\"Gesch\u00e4tzte Lesezeit\" \/>\n\t<meta name=\"twitter:data1\" content=\"1\u00a0Minute\" \/>\n<script type=\"application\/ld+json\" class=\"yoast-schema-graph\">{\"@context\":\"https:\/\/schema.org\",\"@graph\":[{\"@type\":\"WebPage\",\"@id\":\"https:\/\/steinzauber-online.de\/index.php\/produkt\/elastischer-ring-aus-facettiertem-haematit-2\/\",\"url\":\"https:\/\/steinzauber-online.de\/index.php\/produkt\/elastischer-ring-aus-facettiertem-haematit-2\/\",\"name\":\"Elastischer Ring aus facettiertem H\u00e4matit - Steinzauber\u00ae\",\"isPartOf\":{\"@id\":\"https:\/\/steinzauber-online.de\/#website\"},\"primaryImageOfPage\":{\"@id\":\"https:\/\/steinzauber-online.de\/index.php\/produkt\/elastischer-ring-aus-facettiertem-haematit-2\/#primaryimage\"},\"image\":{\"@id\":\"https:\/\/steinzauber-online.de\/index.php\/produkt\/elastischer-ring-aus-facettiertem-haematit-2\/#primaryimage\"},\"thumbnailUrl\":\"https:\/\/steinzauber-online.de\/wp-content\/uploads\/2021\/03\/edelstein-perlenring-haematit-PRHA914a-scaled.jpg\",\"datePublished\":\"2021-03-21T11:20:05+00:00\",\"dateModified\":\"2025-12-24T17:38:37+00:00\",\"description\":\"Elastischer Ring aus facettiertem H\u00e4matit. Er kann als Solit\u00e4rring oder als Stapelring getragen werden.\",\"breadcrumb\":{\"@id\":\"https:\/\/steinzauber-online.de\/index.php\/produkt\/elastischer-ring-aus-facettiertem-haematit-2\/#breadcrumb\"},\"inLanguage\":\"de\",\"potentialAction\":[{\"@type\":\"ReadAction\",\"target\":[\"https:\/\/steinzauber-online.de\/index.php\/produkt\/elastischer-ring-aus-facettiertem-haematit-2\/\"]}]},{\"@type\":\"ImageObject\",\"inLanguage\":\"de\",\"@id\":\"https:\/\/steinzauber-online.de\/index.php\/produkt\/elastischer-ring-aus-facettiertem-haematit-2\/#primaryimage\",\"url\":\"https:\/\/steinzauber-online.de\/wp-content\/uploads\/2021\/03\/edelstein-perlenring-haematit-PRHA914a-scaled.jpg\",\"contentUrl\":\"https:\/\/steinzauber-online.de\/wp-content\/uploads\/2021\/03\/edelstein-perlenring-haematit-PRHA914a-scaled.jpg\",\"width\":2560,\"height\":1922,\"caption\":\"Edelstein Perlenring H\u00e4matit\"},{\"@type\":\"BreadcrumbList\",\"@id\":\"https:\/\/steinzauber-online.de\/index.php\/produkt\/elastischer-ring-aus-facettiertem-haematit-2\/#breadcrumb\",\"itemListElement\":[{\"@type\":\"ListItem\",\"position\":1,\"name\":\"Startseite\",\"item\":\"https:\/\/steinzauber-online.de\/\"},{\"@type\":\"ListItem\",\"position\":2,\"name\":\"Shop\",\"item\":\"https:\/\/steinzauber-online.de\/index.php\/shop\/\"},{\"@type\":\"ListItem\",\"position\":3,\"name\":\"Elastischer Ring aus facettiertem H\u00e4matit\"}]},{\"@type\":\"WebSite\",\"@id\":\"https:\/\/steinzauber-online.de\/#website\",\"url\":\"https:\/\/steinzauber-online.de\/\",\"name\":\"Steinzauber\u00ae\",\"description\":\"Schmuck aus edlem Stein\",\"publisher\":{\"@id\":\"https:\/\/steinzauber-online.de\/#organization\"},\"potentialAction\":[{\"@type\":\"SearchAction\",\"target\":{\"@type\":\"EntryPoint\",\"urlTemplate\":\"https:\/\/steinzauber-online.de\/?s={search_term_string}\"},\"query-input\":{\"@type\":\"PropertyValueSpecification\",\"valueRequired\":true,\"valueName\":\"search_term_string\"}}],\"inLanguage\":\"de\"},{\"@type\":\"Organization\",\"@id\":\"https:\/\/steinzauber-online.de\/#organization\",\"name\":\"Steinzauber\",\"url\":\"https:\/\/steinzauber-online.de\/\",\"logo\":{\"@type\":\"ImageObject\",\"inLanguage\":\"de\",\"@id\":\"https:\/\/steinzauber-online.de\/#\/schema\/logo\/image\/\",\"url\":\"https:\/\/steinzauber-online.de\/wp-content\/uploads\/2021\/02\/Logo_500-262.jpg\",\"contentUrl\":\"https:\/\/steinzauber-online.de\/wp-content\/uploads\/2021\/02\/Logo_500-262.jpg\",\"width\":500,\"height\":262,\"caption\":\"Steinzauber\"},\"image\":{\"@id\":\"https:\/\/steinzauber-online.de\/#\/schema\/logo\/image\/\"},\"sameAs\":[\"https:\/\/de-de.facebook.com\/Steinzauber\/\",\"https:\/\/instagram.com\/steinzauber_schmuck?igshid=1fr2q2be784ld\"]}]}<\/script>\n<!-- \/ Yoast SEO plugin. -->","yoast_head_json":{"title":"Elastischer Ring aus facettiertem H\u00e4matit - Steinzauber\u00ae","description":"Elastischer Ring aus facettiertem H\u00e4matit. Er kann als Solit\u00e4rring oder als Stapelring getragen werden.","robots":{"index":"index","follow":"follow","max-snippet":"max-snippet:-1","max-image-preview":"max-image-preview:large","max-video-preview":"max-video-preview:-1"},"canonical":"https:\/\/steinzauber-online.de\/index.php\/produkt\/elastischer-ring-aus-facettiertem-haematit-2\/","og_locale":"de_DE","og_type":"article","og_title":"Elastischer Ring aus facettiertem H\u00e4matit - Steinzauber\u00ae","og_description":"Elastischer Ring aus facettiertem H\u00e4matit. Er kann als Solit\u00e4rring oder als Stapelring getragen werden.","og_url":"https:\/\/steinzauber-online.de\/index.php\/produkt\/elastischer-ring-aus-facettiertem-haematit-2\/","og_site_name":"Steinzauber\u00ae","article_publisher":"https:\/\/de-de.facebook.com\/Steinzauber\/","article_modified_time":"2025-12-24T17:38:37+00:00","og_image":[{"width":2560,"height":1922,"url":"https:\/\/steinzauber-online.de\/wp-content\/uploads\/2021\/03\/edelstein-perlenring-haematit-PRHA914a-scaled.jpg","type":"image\/jpeg"}],"twitter_card":"summary_large_image","twitter_misc":{"Gesch\u00e4tzte Lesezeit":"1\u00a0Minute"},"schema":{"@context":"https:\/\/schema.org","@graph":[{"@type":"WebPage","@id":"https:\/\/steinzauber-online.de\/index.php\/produkt\/elastischer-ring-aus-facettiertem-haematit-2\/","url":"https:\/\/steinzauber-online.de\/index.php\/produkt\/elastischer-ring-aus-facettiertem-haematit-2\/","name":"Elastischer Ring aus facettiertem H\u00e4matit - Steinzauber\u00ae","isPartOf":{"@id":"https:\/\/steinzauber-online.de\/#website"},"primaryImageOfPage":{"@id":"https:\/\/steinzauber-online.de\/index.php\/produkt\/elastischer-ring-aus-facettiertem-haematit-2\/#primaryimage"},"image":{"@id":"https:\/\/steinzauber-online.de\/index.php\/produkt\/elastischer-ring-aus-facettiertem-haematit-2\/#primaryimage"},"thumbnailUrl":"https:\/\/steinzauber-online.de\/wp-content\/uploads\/2021\/03\/edelstein-perlenring-haematit-PRHA914a-scaled.jpg","datePublished":"2021-03-21T11:20:05+00:00","dateModified":"2025-12-24T17:38:37+00:00","description":"Elastischer Ring aus facettiertem H\u00e4matit. Er kann als Solit\u00e4rring oder als Stapelring getragen werden.","breadcrumb":{"@id":"https:\/\/steinzauber-online.de\/index.php\/produkt\/elastischer-ring-aus-facettiertem-haematit-2\/#breadcrumb"},"inLanguage":"de","potentialAction":[{"@type":"ReadAction","target":["https:\/\/steinzauber-online.de\/index.php\/produkt\/elastischer-ring-aus-facettiertem-haematit-2\/"]}]},{"@type":"ImageObject","inLanguage":"de","@id":"https:\/\/steinzauber-online.de\/index.php\/produkt\/elastischer-ring-aus-facettiertem-haematit-2\/#primaryimage","url":"https:\/\/steinzauber-online.de\/wp-content\/uploads\/2021\/03\/edelstein-perlenring-haematit-PRHA914a-scaled.jpg","contentUrl":"https:\/\/steinzauber-online.de\/wp-content\/uploads\/2021\/03\/edelstein-perlenring-haematit-PRHA914a-scaled.jpg","width":2560,"height":1922,"caption":"Edelstein Perlenring H\u00e4matit"},{"@type":"BreadcrumbList","@id":"https:\/\/steinzauber-online.de\/index.php\/produkt\/elastischer-ring-aus-facettiertem-haematit-2\/#breadcrumb","itemListElement":[{"@type":"ListItem","position":1,"name":"Startseite","item":"https:\/\/steinzauber-online.de\/"},{"@type":"ListItem","position":2,"name":"Shop","item":"https:\/\/steinzauber-online.de\/index.php\/shop\/"},{"@type":"ListItem","position":3,"name":"Elastischer Ring aus facettiertem H\u00e4matit"}]},{"@type":"WebSite","@id":"https:\/\/steinzauber-online.de\/#website","url":"https:\/\/steinzauber-online.de\/","name":"Steinzauber\u00ae","description":"Schmuck aus edlem Stein","publisher":{"@id":"https:\/\/steinzauber-online.de\/#organization"},"potentialAction":[{"@type":"SearchAction","target":{"@type":"EntryPoint","urlTemplate":"https:\/\/steinzauber-online.de\/?s={search_term_string}"},"query-input":{"@type":"PropertyValueSpecification","valueRequired":true,"valueName":"search_term_string"}}],"inLanguage":"de"},{"@type":"Organization","@id":"https:\/\/steinzauber-online.de\/#organization","name":"Steinzauber","url":"https:\/\/steinzauber-online.de\/","logo":{"@type":"ImageObject","inLanguage":"de","@id":"https:\/\/steinzauber-online.de\/#\/schema\/logo\/image\/","url":"https:\/\/steinzauber-online.de\/wp-content\/uploads\/2021\/02\/Logo_500-262.jpg","contentUrl":"https:\/\/steinzauber-online.de\/wp-content\/uploads\/2021\/02\/Logo_500-262.jpg","width":500,"height":262,"caption":"Steinzauber"},"image":{"@id":"https:\/\/steinzauber-online.de\/#\/schema\/logo\/image\/"},"sameAs":["https:\/\/de-de.facebook.com\/Steinzauber\/","https:\/\/instagram.com\/steinzauber_schmuck?igshid=1fr2q2be784ld"]}]}},"jetpack_sharing_enabled":true,"_links":{"self":[{"href":"https:\/\/steinzauber-online.de\/index.php\/wp-json\/wp\/v2\/product\/10376","targetHints":{"allow":["GET"]}}],"collection":[{"href":"https:\/\/steinzauber-online.de\/index.php\/wp-json\/wp\/v2\/product"}],"about":[{"href":"https:\/\/steinzauber-online.de\/index.php\/wp-json\/wp\/v2\/types\/product"}],"wp:featuredmedia":[{"embeddable":true,"href":"https:\/\/steinzauber-online.de\/index.php\/wp-json\/wp\/v2\/media\/10418"}],"wp:attachment":[{"href":"https:\/\/steinzauber-online.de\/index.php\/wp-json\/wp\/v2\/media?parent=10376"}],"wp:term":[{"taxonomy":"product_brand","embeddable":true,"href":"https:\/\/steinzauber-online.de\/index.php\/wp-json\/wp\/v2\/product_brand?post=10376"},{"taxonomy":"product_cat","embeddable":true,"href":"https:\/\/steinzauber-online.de\/index.php\/wp-json\/wp\/v2\/product_cat?post=10376"},{"taxonomy":"product_tag","embeddable":true,"href":"https:\/\/steinzauber-online.de\/index.php\/wp-json\/wp\/v2\/product_tag?post=10376"}],"curies":[{"name":"wp","href":"https:\/\/api.w.org\/{rel}","templated":true}]}}